{"id":139,"date":"2020-08-26T12:05:16","date_gmt":"2020-08-26T10:05:16","guid":{"rendered":"http:\/\/aurera.fr\/?page_id=139"},"modified":"2021-01-13T16:56:44","modified_gmt":"2021-01-13T15:56:44","slug":"audit","status":"publish","type":"page","link":"https:\/\/aurera.fr\/index.php\/solutions\/conseil-si\/audit\/","title":{"rendered":"Audit"},"content":{"rendered":"<div data-colibri-id=\"139-c1\" class=\"style-1141 style-local-139-c1 position-relative\">\n  <!---->\n  <div data-colibri-component=\"section\" data-colibri-id=\"139-c2\" id=\"content-2\" class=\"h-section h-section-global-spacing d-flex align-items-lg-center align-items-md-center align-items-center style-1132 style-local-139-c2 position-relative\">\n    <div class=\"background-wrapper\">\n      <div class=\"background-layer background-layer-media-container-lg\">\n        <!---->\n        <div class=\"overlay-layer\">\n          <div class=\"overlay-image-layer\"><\/div>\n          <div class=\"shape-layer colibri-shape-two-circles\" style=\"background-position: center center; background-size: cover; background-repeat: no-repeat; filter: invert(0%);\"><\/div>\n        <\/div>\n      <\/div>\n      <div class=\"background-layer background-layer-media-container-md\">\n        <!---->\n        <div class=\"overlay-layer\">\n          <div class=\"overlay-image-layer\"><\/div>\n          <div class=\"shape-layer colibri-shape-two-circles\" style=\"background-position: center center; background-size: cover; background-repeat: no-repeat; filter: invert(0%);\"><\/div>\n        <\/div>\n      <\/div>\n      <div class=\"background-layer background-layer-media-container\">\n        <!---->\n        <div class=\"overlay-layer\">\n          <div class=\"overlay-image-layer\"><\/div>\n          <div class=\"shape-layer colibri-shape-two-circles\" style=\"background-position: center center; background-size: cover; background-repeat: no-repeat; filter: invert(0%);\"><\/div>\n        <\/div>\n      <\/div>\n    <\/div>\n    <!---->\n    <div class=\"h-section-grid-container h-section-boxed-container\">\n      <!---->\n      <div data-colibri-id=\"139-c3\" class=\"h-row-container gutters-row-lg-0 gutters-row-md-0 gutters-row-2 gutters-row-v-lg-0 gutters-row-v-md-0 gutters-row-v-0 style-1133 style-local-139-c3 position-relative\">\n        <!---->\n        <div class=\"h-row justify-content-lg-center justify-content-md-center justify-content-center align-items-lg-stretch align-items-md-stretch align-items-stretch gutters-col-lg-0 gutters-col-md-0 gutters-col-2 gutters-col-v-lg-0 gutters-col-v-md-0 gutters-col-v-0\">\n          <!---->\n          <div class=\"h-column h-column-container d-flex h-col-lg-auto h-col-md-auto h-col-auto style-1134-outer style-local-139-c4-outer\">\n            <div data-colibri-id=\"139-c4\" class=\"d-flex h-flex-basis h-column__inner h-ui-empty-state-container h-px-lg-0 h-px-md-0 h-px-0 v-inner-lg-0 v-inner-md-0 v-inner-0 style-1134 style-local-139-c4 position-relative\">\n              <!---->\n              <!---->\n              <div class=\"w-100 h-y-container h-column__content h-column__v-align flex-basis-100\">\n                <!---->\n              <\/div>\n            <\/div>\n          <\/div>\n          <div class=\"h-column h-column-container d-flex h-col-lg-auto h-col-md-auto h-col-auto style-1135-outer style-local-139-c5-outer\">\n            <div data-colibri-id=\"139-c5\" class=\"d-flex h-flex-basis h-column__inner h-px-lg-2 h-px-md-2 h-px-0 v-inner-lg-2 v-inner-md-2 v-inner-0 style-1135 style-local-139-c5 position-relative\">\n              <!---->\n              <!---->\n              <div class=\"w-100 h-y-container h-column__content h-column__v-align flex-basis-100 align-self-lg-center align-self-md-center align-self-center\">\n                <!---->\n                <div data-colibri-id=\"139-c6\" class=\"h-global-transition-all h-heading style-1136 style-local-139-c6 position-relative h-element\">\n                  <!---->\n                  <div class=\"h-heading__outer style-1136 style-local-139-c6\">\n                    <!---->\n                    <!---->\n                    <h2 class=\"\">Analyses<\/h2>\n                  <\/div>\n                <\/div>\n                <div data-colibri-id=\"139-c7\" class=\"h-lead h-text h-text-component style-1137 style-local-139-c7 position-relative h-element\">\n                  <!---->\n                  <!---->\n                  <div class=\"\">\n                    <p>Dans un souci d\u2019am\u00e9lioration de la performance de votre SI, nous travaillons \u00e0 dessiner, depuis le syst\u00e8me source, une image claire et syst\u00e9mique des \u00e9volutions \u00e0 venir. Tout cela afin d\u2019\u00e9viter toute analyse h\u00e2tive. Nous avons \u00e9galement\n                      la possibilit\u00e9 de d\u00e9ployer des agents de monitoring et d\u2019analyse.<\/p>\n                  <\/div>\n                <\/div>\n                <div data-colibri-id=\"139-c8\" class=\"h-row-container gutters-row-lg-0 gutters-row-md-0 gutters-row-0 gutters-row-v-lg-0 gutters-row-v-md-0 gutters-row-v-0 style-1138 style-local-139-c8 position-relative\">\n                  <!---->\n                  <div class=\"h-row justify-content-lg-center justify-content-md-center justify-content-center align-items-lg-stretch align-items-md-stretch align-items-stretch gutters-col-lg-0 gutters-col-md-0 gutters-col-0 gutters-col-v-lg-0 gutters-col-v-md-0 gutters-col-v-0\">\n                    <!---->\n                    <div class=\"h-column h-column-container d-flex h-col-lg-6 h-col-md-6 h-col-12 style-1139-outer style-local-139-c9-outer\">\n                      <div data-colibri-id=\"139-c9\" class=\"d-flex h-flex-basis h-column__inner h-px-lg-2 h-px-md-2 h-px-2 v-inner-lg-2 v-inner-md-2 v-inner-2 style-1139 style-local-139-c9 position-relative\">\n                        <!---->\n                        <!---->\n                        <div class=\"w-100 h-y-container h-column__content h-column__v-align flex-basis-100 align-self-lg-start align-self-md-start align-self-start\">\n                          <!---->\n                          <div data-colibri-id=\"139-c10\" class=\"h-icon style-1140 style-local-139-c10 position-relative h-element\">\n                            <!----><span class=\"h-svg-icon h-icon__icon style-1140-icon style-local-139-c10-icon\"><!--Icon by Icons8 Line Awesome (https:\/\/icons8.com\/line-awesome)--><svg version=\"1.1\" xmlns=\"http:\/\/www.w3.org\/2000\/svg\" xmlns:xlink=\"http:\/\/www.w3.org\/1999\/xlink\" id=\"certificate\" viewBox=\"0 0 512 545.5\"><path d=\"M256 80c9.983 0 19.968 3.405 28.5 9.5L311 108l30 4h.5c21.032 2.554 37.638 19.561 40.5 40.5.053.387.457.61.5 1h-.5l6 30 18.5 26.5c12.19 17.064 11.676 39.618.5 57.5v.5l-.5.5L388 295l-4 30 50 76 16.5 24.5H374l-18.5 43L344 496l-16.5-25-50.5-76c-13.095 6.064-28.457 5.585-42 0l-50.5 76-16.5 25-11.5-27.5-18.5-43H61.5L78 401l51.5-78.5-5-27.5-19-26.5c-12.19-17.064-11.676-40.118-.5-58v-.5l.5-.5 18.5-24 4-31v-.5l.5-.5c4.534-20.402 20.598-36.466 41-41l.5-.5h.5l30.5-4 26.5-18.5c8.532-6.095 18.517-9.5 28.5-9.5zm0 32.5c-3.666 0-7.332 1.095-10 3L217.5 136l-3.5 2.5-4 .5-33.5 4.5c-.247.055-.257.438-.5.5-7.79 2.005-13.995 8.21-16 16-.063.243-.445.253-.5.5L155 194l-.5 4.5-2.5 3-20 26c-4.824 7.72-4.31 17.165-.5 22.5l20.5 28.5 2.5 3 .5 4 6.5 36.5v1c.246 2.212 1.006 4.255 2 6 2.224 3.903 6.053 6.45 11 7h.5l35 5 4.5.5 3 2.5 26 20c7.72 4.824 17.165 4.31 22.5.5l28.5-20.5 3-2.5 4-.5 36.5-6.5h1c4.002-.444 7.192-2.272 9.5-5v-.5l1-.5c1.337-1.955 2.207-4.365 2.5-7v-.5l5-35 .5-4 2.5-3.5 20-28c4.824-7.72 4.31-16.665.5-22L360 200l-2.5-3-.5-3.5-6.5-35.5v-1c-.796-7.16-5.84-12.204-13-13h-.5l-35-5-4-.5-3.5-2.5-28.5-20.5c-2.668-1.905-6.334-3-10-3zM366.5 356c-6.544 5.165-14.402 8.824-23 10-.387.053-.61.457-1 .5v-.5l-31.5 5.5-7.5 5.5 34 52 11-25.5 4-10H391zm-221 .5l-24.5 37h38.5l4 10 11 25.5 34-51.5-7-5.5-30.5-4c-.157-.018-.343.02-.5 0-9.517-1.155-18.16-5.4-25-11.5z\"><\/path><\/svg><\/span><\/div>\n                          <div\n                            data-colibri-id=\"139-c11\" class=\"h-global-transition-all h-heading style-1141 style-local-139-c11 position-relative h-element\">\n                            <!---->\n                            <div class=\"h-heading__outer style-1141 style-local-139-c11\">\n                              <!---->\n                              <!---->\n                              <h5 class=\"\">Suivi<\/h5>\n                            <\/div>\n                        <\/div>\n                        <div data-colibri-id=\"139-c12\" class=\"h-text h-text-component style-1142 style-local-139-c12 position-relative h-element\">\n                          <!---->\n                          <!---->\n                          <div class=\"\">\n                            <p>Nos audits donnent r\u00e9guli\u00e8rement lieux \u00e0 des suivis sous forme d&rsquo;ateliers ou d&rsquo;accompagnement \u00e0 court, moyen ou long terme.\n                              <br>\n                            <\/p>\n                          <\/div>\n                        <\/div>\n                      <\/div>\n                    <\/div>\n                  <\/div>\n                  <div class=\"h-column h-column-container d-flex h-col-lg-6 h-col-md-6 h-col-12 style-1139-outer style-local-139-c13-outer\">\n                    <div data-colibri-id=\"139-c13\" class=\"d-flex h-flex-basis h-column__inner h-px-lg-2 h-px-md-2 h-px-2 v-inner-lg-2 v-inner-md-2 v-inner-2 style-1139 style-local-139-c13 position-relative\">\n                      <!---->\n                      <!---->\n                      <div class=\"w-100 h-y-container h-column__content h-column__v-align flex-basis-100 align-self-lg-start align-self-md-start align-self-start\">\n                        <!---->\n                        <div data-colibri-id=\"139-c14\" class=\"h-icon style-1140 style-local-139-c14 position-relative h-element\">\n                          <!----><span class=\"h-svg-icon h-icon__icon style-1140-icon style-local-139-c14-icon\"><!--Icon by Icons8 Line Awesome (https:\/\/icons8.com\/line-awesome)--><svg version=\"1.1\" xmlns=\"http:\/\/www.w3.org\/2000\/svg\" xmlns:xlink=\"http:\/\/www.w3.org\/1999\/xlink\" id=\"trophy\" viewBox=\"0 0 512 545.5\"><path d=\"M112 96c20.432 0 34.443 9.337 42 16h204c7.555-6.663 21.56-16 42-16 15.083 0 30.654 5.685 43 16.5s21 27.46 21 47.5c0 16.994-7.14 31.528-16 43s-19.62 20.576-29.5 29.5C398.74 250.35 384 265.032 384 288c0 2.425 2.392 8.33 5.5 13s6 7.5 6 7.5l-23 22.5s-5.108-5.153-10-12.5c-4.311-6.477-8.906-14.99-10-26-1.953 5.507-3.92 11.184-6 16.5-11.1 28.352-23.64 53.894-38 73-5.23 6.958-10.972 13.176-17 18.5 33.533 1.856 60.5 29.53 60.5 63.5v16H160v-16c0-33.637 26.426-61.153 59.5-63.5-5.94-5.323-11.29-11.523-16.5-18.5-14.305-19.16-26.972-44.61-38-73-1.937-4.986-3.678-10.343-5.5-15.5-1.273 10.537-5.815 18.715-10 25-4.892 7.347-10 12.5-10 12.5l-23-22.5s2.892-2.83 6-7.5 5.5-10.575 5.5-13c0-22.968-14.74-37.65-34.5-55.5-9.88-8.924-20.64-18.028-29.5-29.5s-16-26.006-16-43c0-20.04 8.654-36.685 21-47.5S96.917 96 112 96zm0 32c-6.95 0-15.354 3.115-21.5 8.5S80 148.84 80 160c0 8.687 2.86 15.552 9 23.5s15.38 16.36 25.5 25.5c9.348 8.442 19.993 17.985 28.5 29.5-8.924-36.36-14.548-73.38-15-106-3.553-2.116-8.42-4.5-16-4.5zm288 0c-7.59 0-12.45 2.384-16 4.5-.467 33.078-6.308 70.397-15.5 107 8.62-11.907 19.416-21.844 29-30.5 10.12-9.14 19.36-17.552 25.5-25.5s9-14.813 9-23.5c0-11.16-4.354-18.115-10.5-23.5S406.95 128 400 128zm-238 16c2.438 47.307 14.357 105.51 33 153.5 10.315 26.556 22.414 49.48 34 65s21.802 21.5 26.5 21.5c4.73 0 15.37-6.026 27-21.5s23.62-38.488 34-65c18.77-47.94 31.053-105.953 33.5-153.5H162zm78 48h32v80h-32v-80zm-16 240c-11.48 0-19.36 7.09-25 16h114c-5.64-8.91-13.52-16-25-16h-64z\"><\/path><\/svg><\/span><\/div>\n                        <div\n                          data-colibri-id=\"139-c15\" class=\"h-global-transition-all h-heading style-1141 style-local-139-c15 position-relative h-element\">\n                          <!---->\n                          <div class=\"h-heading__outer style-1141 style-local-139-c15\">\n                            <!---->\n                            <!---->\n                            <h5 class=\"\">Soutien<\/h5>\n                          <\/div>\n                      <\/div>\n                      <div data-colibri-id=\"139-c16\" class=\"h-text h-text-component style-1142 style-local-139-c16 position-relative h-element\">\n                        <!---->\n                        <!---->\n                        <div class=\"\">\n                          <p>Nous proposons les profils les plus adapt\u00e9s pour permettre de traiter les \u00e9l\u00e9ments pouvant ressortir d&rsquo;un audit.\n                            <br>\n                          <\/p>\n                        <\/div>\n                      <\/div>\n                    <\/div>\n                  <\/div>\n                <\/div>\n              <\/div>\n            <\/div>\n            <div data-colibri-id=\"139-c17\" class=\"h-x-container style-1143 style-local-139-c17 position-relative h-element\">\n              <!---->\n              <div class=\"h-x-container-inner style-dynamic-139-c17-group style-1143-spacing style-local-139-c17-spacing\"><span class=\"h-button__outer style-1144-outer style-local-139-c18-outer d-inline-flex h-element\"><a h-use-smooth-scroll=\"true\" href=\"conseil-si\"  data-colibri-id=\"139-c18\" class=\"d-flex w-100 align-items-center h-button justify-content-lg-center justify-content-md-center justify-content-center style-1144 style-local-139-c18 position-relative\"><!----><!----> <span>Conseil SI<\/span><\/a>\n                <\/span>\n              <\/div>\n            <\/div>\n          <\/div>\n        <\/div>\n      <\/div>\n    <\/div>\n  <\/div>\n<\/div>\n<\/div>\n<\/div>","protected":false},"excerpt":{"rendered":"<p>Analyses Dans un souci d\u2019am\u00e9lioration de la performance de votre SI, nous travaillons \u00e0 dessiner, depuis le syst\u00e8me source, une image claire et syst\u00e9mique des \u00e9volutions \u00e0 venir. Tout cela afin d\u2019\u00e9viter toute analyse h\u00e2tive. Nous avons \u00e9galement la possibilit\u00e9 de d\u00e9ployer des agents de monitoring et d\u2019analyse. Suivi Nos audits donnent r\u00e9guli\u00e8rement lieux \u00e0 [&hellip;]<\/p>\n","protected":false},"author":9,"featured_media":0,"parent":133,"menu_order":2,"comment_status":"closed","ping_status":"closed","template":"page-templates\/full-width-page.php","meta":[],"yoast_head":"<!-- This site is optimized with the Yoast SEO plugin v21.1 - https:\/\/yoast.com\/wordpress\/plugins\/seo\/ -->\n<title>Audit - Aurera<\/title>\n<meta name=\"robots\" content=\"index, follow, max-snippet:-1, max-image-preview:large, max-video-preview:-1\" \/>\n<link rel=\"canonical\" href=\"https:\/\/aurera.fr\/index.php\/solutions\/conseil-si\/audit\/\" \/>\n<meta property=\"og:locale\" content=\"fr_FR\" \/>\n<meta property=\"og:type\" content=\"article\" \/>\n<meta property=\"og:title\" content=\"Audit - Aurera\" \/>\n<meta property=\"og:description\" content=\"Analyses Dans un souci d\u2019am\u00e9lioration de la performance de votre SI, nous travaillons \u00e0 dessiner, depuis le syst\u00e8me source, une image claire et syst\u00e9mique des \u00e9volutions \u00e0 venir. Tout cela afin d\u2019\u00e9viter toute analyse h\u00e2tive. Nous avons \u00e9galement la possibilit\u00e9 de d\u00e9ployer des agents de monitoring et d\u2019analyse. Suivi Nos audits donnent r\u00e9guli\u00e8rement lieux \u00e0 [&hellip;]\" \/>\n<meta property=\"og:url\" content=\"https:\/\/aurera.fr\/index.php\/solutions\/conseil-si\/audit\/\" \/>\n<meta property=\"og:site_name\" content=\"Aurera\" \/>\n<meta property=\"article:modified_time\" content=\"2021-01-13T15:56:44+00:00\" \/>\n<meta name=\"twitter:card\" content=\"summary_large_image\" \/>\n<script type=\"application\/ld+json\" class=\"yoast-schema-graph\">{\"@context\":\"https:\/\/schema.org\",\"@graph\":[{\"@type\":\"WebPage\",\"@id\":\"https:\/\/aurera.fr\/index.php\/solutions\/conseil-si\/audit\/\",\"url\":\"https:\/\/aurera.fr\/index.php\/solutions\/conseil-si\/audit\/\",\"name\":\"Audit - Aurera\",\"isPartOf\":{\"@id\":\"https:\/\/aurera.fr\/#website\"},\"datePublished\":\"2020-08-26T10:05:16+00:00\",\"dateModified\":\"2021-01-13T15:56:44+00:00\",\"breadcrumb\":{\"@id\":\"https:\/\/aurera.fr\/index.php\/solutions\/conseil-si\/audit\/#breadcrumb\"},\"inLanguage\":\"fr-FR\",\"potentialAction\":[{\"@type\":\"ReadAction\",\"target\":[\"https:\/\/aurera.fr\/index.php\/solutions\/conseil-si\/audit\/\"]}]},{\"@type\":\"BreadcrumbList\",\"@id\":\"https:\/\/aurera.fr\/index.php\/solutions\/conseil-si\/audit\/#breadcrumb\",\"itemListElement\":[{\"@type\":\"ListItem\",\"position\":1,\"name\":\"Accueil\",\"item\":\"https:\/\/aurera.fr\/\"},{\"@type\":\"ListItem\",\"position\":2,\"name\":\"Offres et Solutions\",\"item\":\"https:\/\/aurera.fr\/index.php\/solutions\/\"},{\"@type\":\"ListItem\",\"position\":3,\"name\":\"Conseil SI\",\"item\":\"https:\/\/aurera.fr\/index.php\/solutions\/conseil-si\/\"},{\"@type\":\"ListItem\",\"position\":4,\"name\":\"Audit\"}]},{\"@type\":\"WebSite\",\"@id\":\"https:\/\/aurera.fr\/#website\",\"url\":\"https:\/\/aurera.fr\/\",\"name\":\"Aurera\",\"description\":\"Consulting, Business, Innovation\",\"publisher\":{\"@id\":\"https:\/\/aurera.fr\/#organization\"},\"potentialAction\":[{\"@type\":\"SearchAction\",\"target\":{\"@type\":\"EntryPoint\",\"urlTemplate\":\"https:\/\/aurera.fr\/?s={search_term_string}\"},\"query-input\":\"required name=search_term_string\"}],\"inLanguage\":\"fr-FR\"},{\"@type\":\"Organization\",\"@id\":\"https:\/\/aurera.fr\/#organization\",\"name\":\"Aurera\",\"url\":\"https:\/\/aurera.fr\/\",\"logo\":{\"@type\":\"ImageObject\",\"inLanguage\":\"fr-FR\",\"@id\":\"https:\/\/aurera.fr\/#\/schema\/logo\/image\/\",\"url\":\"https:\/\/aurera.fr\/wp-content\/uploads\/2021\/03\/LOGO-AURERA-RVB-White-e1615817748297.png\",\"contentUrl\":\"https:\/\/aurera.fr\/wp-content\/uploads\/2021\/03\/LOGO-AURERA-RVB-White-e1615817748297.png\",\"width\":170,\"height\":55,\"caption\":\"Aurera\"},\"image\":{\"@id\":\"https:\/\/aurera.fr\/#\/schema\/logo\/image\/\"},\"sameAs\":[\"https:\/\/www.linkedin.com\/company\/entreprise-aurera\"]}]}<\/script>\n<!-- \/ Yoast SEO plugin. -->","yoast_head_json":{"title":"Audit - Aurera","robots":{"index":"index","follow":"follow","max-snippet":"max-snippet:-1","max-image-preview":"max-image-preview:large","max-video-preview":"max-video-preview:-1"},"canonical":"https:\/\/aurera.fr\/index.php\/solutions\/conseil-si\/audit\/","og_locale":"fr_FR","og_type":"article","og_title":"Audit - Aurera","og_description":"Analyses Dans un souci d\u2019am\u00e9lioration de la performance de votre SI, nous travaillons \u00e0 dessiner, depuis le syst\u00e8me source, une image claire et syst\u00e9mique des \u00e9volutions \u00e0 venir. Tout cela afin d\u2019\u00e9viter toute analyse h\u00e2tive. Nous avons \u00e9galement la possibilit\u00e9 de d\u00e9ployer des agents de monitoring et d\u2019analyse. Suivi Nos audits donnent r\u00e9guli\u00e8rement lieux \u00e0 [&hellip;]","og_url":"https:\/\/aurera.fr\/index.php\/solutions\/conseil-si\/audit\/","og_site_name":"Aurera","article_modified_time":"2021-01-13T15:56:44+00:00","twitter_card":"summary_large_image","schema":{"@context":"https:\/\/schema.org","@graph":[{"@type":"WebPage","@id":"https:\/\/aurera.fr\/index.php\/solutions\/conseil-si\/audit\/","url":"https:\/\/aurera.fr\/index.php\/solutions\/conseil-si\/audit\/","name":"Audit - Aurera","isPartOf":{"@id":"https:\/\/aurera.fr\/#website"},"datePublished":"2020-08-26T10:05:16+00:00","dateModified":"2021-01-13T15:56:44+00:00","breadcrumb":{"@id":"https:\/\/aurera.fr\/index.php\/solutions\/conseil-si\/audit\/#breadcrumb"},"inLanguage":"fr-FR","potentialAction":[{"@type":"ReadAction","target":["https:\/\/aurera.fr\/index.php\/solutions\/conseil-si\/audit\/"]}]},{"@type":"BreadcrumbList","@id":"https:\/\/aurera.fr\/index.php\/solutions\/conseil-si\/audit\/#breadcrumb","itemListElement":[{"@type":"ListItem","position":1,"name":"Accueil","item":"https:\/\/aurera.fr\/"},{"@type":"ListItem","position":2,"name":"Offres et Solutions","item":"https:\/\/aurera.fr\/index.php\/solutions\/"},{"@type":"ListItem","position":3,"name":"Conseil SI","item":"https:\/\/aurera.fr\/index.php\/solutions\/conseil-si\/"},{"@type":"ListItem","position":4,"name":"Audit"}]},{"@type":"WebSite","@id":"https:\/\/aurera.fr\/#website","url":"https:\/\/aurera.fr\/","name":"Aurera","description":"Consulting, Business, Innovation","publisher":{"@id":"https:\/\/aurera.fr\/#organization"},"potentialAction":[{"@type":"SearchAction","target":{"@type":"EntryPoint","urlTemplate":"https:\/\/aurera.fr\/?s={search_term_string}"},"query-input":"required name=search_term_string"}],"inLanguage":"fr-FR"},{"@type":"Organization","@id":"https:\/\/aurera.fr\/#organization","name":"Aurera","url":"https:\/\/aurera.fr\/","logo":{"@type":"ImageObject","inLanguage":"fr-FR","@id":"https:\/\/aurera.fr\/#\/schema\/logo\/image\/","url":"https:\/\/aurera.fr\/wp-content\/uploads\/2021\/03\/LOGO-AURERA-RVB-White-e1615817748297.png","contentUrl":"https:\/\/aurera.fr\/wp-content\/uploads\/2021\/03\/LOGO-AURERA-RVB-White-e1615817748297.png","width":170,"height":55,"caption":"Aurera"},"image":{"@id":"https:\/\/aurera.fr\/#\/schema\/logo\/image\/"},"sameAs":["https:\/\/www.linkedin.com\/company\/entreprise-aurera"]}]}},"_links":{"self":[{"href":"https:\/\/aurera.fr\/index.php\/wp-json\/wp\/v2\/pages\/139"}],"collection":[{"href":"https:\/\/aurera.fr\/index.php\/wp-json\/wp\/v2\/pages"}],"about":[{"href":"https:\/\/aurera.fr\/index.php\/wp-json\/wp\/v2\/types\/page"}],"author":[{"embeddable":true,"href":"https:\/\/aurera.fr\/index.php\/wp-json\/wp\/v2\/users\/9"}],"replies":[{"embeddable":true,"href":"https:\/\/aurera.fr\/index.php\/wp-json\/wp\/v2\/comments?post=139"}],"version-history":[{"count":5,"href":"https:\/\/aurera.fr\/index.php\/wp-json\/wp\/v2\/pages\/139\/revisions"}],"predecessor-version":[{"id":2341,"href":"https:\/\/aurera.fr\/index.php\/wp-json\/wp\/v2\/pages\/139\/revisions\/2341"}],"up":[{"embeddable":true,"href":"https:\/\/aurera.fr\/index.php\/wp-json\/wp\/v2\/pages\/133"}],"wp:attachment":[{"href":"https:\/\/aurera.fr\/index.php\/wp-json\/wp\/v2\/media?parent=139"}],"curies":[{"name":"wp","href":"https:\/\/api.w.org\/{rel}","templated":true}]}}