{"id":141,"date":"2020-08-26T12:06:48","date_gmt":"2020-08-26T10:06:48","guid":{"rendered":"http:\/\/aurera.fr\/?page_id=141"},"modified":"2021-01-07T18:42:57","modified_gmt":"2021-01-07T17:42:57","slug":"integration","status":"publish","type":"page","link":"https:\/\/aurera.fr\/index.php\/solutions\/integration\/","title":{"rendered":"Int\u00e9gration"},"content":{"rendered":"<div data-colibri-id=\"141-c1\" class=\"style-1112 style-local-141-c1 position-relative\">\n  <!---->\n  <div data-colibri-component=\"section\" data-colibri-id=\"141-c2\" id=\"features-2\" class=\"h-section h-section-global-spacing d-flex align-items-lg-center align-items-md-center align-items-center style-1092 style-local-141-c2 position-relative\">\n    <!---->\n    <!---->\n    <div class=\"h-section-grid-container h-section-boxed-container\">\n      <div data-colibri-id=\"141-c3\" class=\"h-row-container gutters-row-lg-2 gutters-row-md-2 gutters-row-2 gutters-row-v-lg-2 gutters-row-v-md-2 gutters-row-v-2 style-1093 style-local-141-c3 position-relative\">\n        <!---->\n        <div class=\"h-row justify-content-lg-center justify-content-md-center justify-content-center align-items-lg-stretch align-items-md-stretch align-items-stretch gutters-col-lg-2 gutters-col-md-2 gutters-col-2 gutters-col-v-lg-2 gutters-col-v-md-2 gutters-col-v-2\">\n          <!---->\n          <div class=\"h-column h-column-container d-flex h-col-lg-4 h-col-md-4 h-col-12 style-1094-outer style-local-141-c4-outer\">\n            <div data-colibri-id=\"141-c4\" class=\"d-flex h-flex-basis h-column__inner h-px-lg-0 h-px-md-0 h-px-0 v-inner-lg-0 v-inner-md-0 v-inner-0 style-1094 style-local-141-c4 position-relative\">\n              <!---->\n              <!---->\n              <div class=\"w-100 h-y-container h-column__content h-column__v-align flex-basis-100 align-self-lg-start align-self-md-start align-self-start\">\n                <!---->\n                <div data-colibri-component=\"content-swap\" data-colibri-id=\"141-c5\" class=\"content-swap style-1095 style-local-141-c5 h-overflow-hidden position-relative h-element\">\n                  <!---->\n                  <div class=\"d-flex position-relative border-radius-inherit h-content-swap__overflow\">\n                    <div data-normal=\"\" data-colibri-id=\"141-c6\" class=\"h-content-swap__normal d-flex border-radius-inherit hide-animation style-1096 style-local-141-c6 position-relative\">\n                      <!---->\n                      <div class=\"w-100 h-y-container align-self-lg-center align-self-md-center align-self-center\">\n                        <!---->\n                        <div data-colibri-id=\"141-c7\" class=\"h-global-transition-all h-heading style-1097 style-local-141-c7 position-relative h-element\">\n                          <!---->\n                          <div class=\"h-heading__outer style-1097 style-local-141-c7\">\n                            <!---->\n                            <!---->\n                            <a href=\"donnees-et-intelligence-artificielle\" h-use-smooth-scroll=\"true\">\n                              <h4 class=\"\">Donn\u00e9es et&nbsp;Intelligence Artificielle<\/h4>\n                            <\/a>\n                          <\/div>\n                        <\/div>\n                      <\/div>\n                    <\/div>\n                    <div data-hover=\"\" data-colibri-component=\"link\" data-href=\"donnees-et-intelligence-artificielle\" data-colibri-id=\"141-c8\" class=\"h-content-swap-hover-container animated h-content-swap__hover d-flex border-radius-inherit slideInUp justify-content-lg-center justify-content-md-center justify-content-center h-content-swap-hover-container--with-link style-1099 style-local-141-c8 position-relative\"\n                      style=\"display: none;\">\n                      <!---->\n                      <div class=\"w-100 h-y-container align-self-lg-center align-self-md-center align-self-center\">\n                        <!---->\n                        <div data-colibri-id=\"141-c9\" class=\"h-x-container style-1100 style-local-141-c9 position-relative h-element\">\n                          <!---->\n                          <div class=\"h-x-container-inner style-dynamic-141-c9-group style-1100-spacing style-local-141-c9-spacing\"><span class=\"h-link__outer style-1101-outer style-local-141-c10-outer d-inline-flex h-element\"><a h-use-smooth-scroll=\"true\" href=\"donnees-et-intelligence-artificielle\"  data-colibri-id=\"141-c10\" class=\"d-flex w-100 align-items-center h-link style-1101 style-local-141-c10 position-relative\"><!----><!----> <span>En savoir plus<\/span>                            <span class=\"h-svg-icon h-link__icon style-1101-icon style-local-141-c10-icon\"><!--Icon by Icons8 Line Awesome (https:\/\/icons8.com\/line-awesome)--><svg version=\"1.1\" xmlns=\"http:\/\/www.w3.org\/2000\/svg\" xmlns:xlink=\"http:\/\/www.w3.org\/1999\/xlink\" id=\"angle-double-right\" viewBox=\"0 0 512 545.5\"><path d=\"M145.5 108.5l168 168L325 288l-11.5 11.5-168 168-22.5-23L279.5 288 123 131.5zm112 0l168 168L437 288l-11.5 11.5-168 168-22.5-23L391.5 288 235 131.5z\"><\/path><\/svg><\/span><\/a>\n                            <\/span>\n                          <\/div>\n                        <\/div>\n                      <\/div>\n                    <\/div>\n                  <\/div>\n                <\/div>\n              <\/div>\n            <\/div>\n          <\/div>\n          <div class=\"h-column h-column-container d-flex h-col-lg-4 h-col-md-4 h-col-12 style-1094-outer style-local-141-c11-outer\">\n            <div data-colibri-id=\"141-c11\" class=\"d-flex h-flex-basis h-column__inner h-px-lg-0 h-px-md-0 h-px-0 v-inner-lg-0 v-inner-md-0 v-inner-0 style-1094 style-local-141-c11 position-relative\">\n              <!---->\n              <!---->\n              <div class=\"w-100 h-y-container h-column__content h-column__v-align flex-basis-100 align-self-lg-start align-self-md-start align-self-start\">\n                <!---->\n                <div data-colibri-component=\"content-swap\" data-colibri-id=\"141-c12\" class=\"content-swap style-1102 style-local-141-c12 h-overflow-hidden position-relative h-element\">\n                  <!---->\n                  <div class=\"d-flex position-relative border-radius-inherit h-content-swap__overflow\">\n                    <div data-normal=\"\" data-colibri-id=\"141-c13\" class=\"h-content-swap__normal d-flex border-radius-inherit hide-animation style-1096 style-local-141-c13 position-relative\">\n                      <!---->\n                      <div class=\"w-100 h-y-container align-self-lg-center align-self-md-center align-self-center\">\n                        <!---->\n                        <div data-colibri-id=\"141-c14\" class=\"h-global-transition-all h-heading style-1097 style-local-141-c14 position-relative h-element\">\n                          <!---->\n                          <div class=\"h-heading__outer style-1097 style-local-141-c14\">\n                            <!---->\n                            <!---->\n                            <a href=\"environnement-moderne-de-travail\" h-use-smooth-scroll=\"true\">\n                              <h4 class=\"\">Environnements Modernes de Travail<\/h4>\n                            <\/a>\n                          <\/div>\n                        <\/div>\n                      <\/div>\n                    <\/div>\n                    <div data-hover=\"\" data-colibri-component=\"link\" data-href=\"environnement-moderne-de-travail\" data-colibri-id=\"141-c15\" class=\"h-content-swap-hover-container animated h-content-swap__hover d-flex border-radius-inherit slideInUp justify-content-lg-center justify-content-md-center justify-content-center h-content-swap-hover-container--with-link style-1099 style-local-141-c15 position-relative\"\n                      style=\"display: none;\">\n                      <!---->\n                      <div class=\"w-100 h-y-container align-self-lg-center align-self-md-center align-self-center\">\n                        <!---->\n                        <div data-colibri-id=\"141-c16\" class=\"h-x-container style-1103 style-local-141-c16 position-relative h-element\">\n                          <!---->\n                          <div class=\"h-x-container-inner style-dynamic-141-c16-group style-1103-spacing style-local-141-c16-spacing\"><span class=\"h-link__outer style-1104-outer style-local-141-c17-outer d-inline-flex h-element\"><a h-use-smooth-scroll=\"true\" href=\"environnement-moderne-de-travail\"  data-colibri-id=\"141-c17\" class=\"d-flex w-100 align-items-center h-link style-1104 style-local-141-c17 position-relative\"><!----><!----> <span>En savoir plus<\/span>                            <span class=\"h-svg-icon h-link__icon style-1104-icon style-local-141-c17-icon\"><!--Icon by Icons8 Line Awesome (https:\/\/icons8.com\/line-awesome)--><svg version=\"1.1\" xmlns=\"http:\/\/www.w3.org\/2000\/svg\" xmlns:xlink=\"http:\/\/www.w3.org\/1999\/xlink\" id=\"angle-double-right\" viewBox=\"0 0 512 545.5\"><path d=\"M145.5 108.5l168 168L325 288l-11.5 11.5-168 168-22.5-23L279.5 288 123 131.5zm112 0l168 168L437 288l-11.5 11.5-168 168-22.5-23L391.5 288 235 131.5z\"><\/path><\/svg><\/span><\/a>\n                            <\/span>\n                          <\/div>\n                        <\/div>\n                      <\/div>\n                    <\/div>\n                  <\/div>\n                <\/div>\n              <\/div>\n            <\/div>\n          <\/div>\n          <div class=\"h-column h-column-container d-flex h-col-lg-4 h-col-md-4 h-col-12 style-1094-outer style-local-141-c18-outer\">\n            <div data-colibri-id=\"141-c18\" class=\"d-flex h-flex-basis h-column__inner h-px-lg-0 h-px-md-0 h-px-0 v-inner-lg-0 v-inner-md-0 v-inner-0 style-1094 style-local-141-c18 position-relative\">\n              <!---->\n              <!---->\n              <div class=\"w-100 h-y-container h-column__content h-column__v-align flex-basis-100 align-self-lg-start align-self-md-start align-self-start\">\n                <!---->\n                <div data-colibri-component=\"content-swap\" data-colibri-id=\"141-c19\" class=\"content-swap style-1105 style-local-141-c19 h-overflow-hidden position-relative h-element\">\n                  <!---->\n                  <div class=\"d-flex position-relative border-radius-inherit h-content-swap__overflow\">\n                    <div data-normal=\"\" data-colibri-id=\"141-c20\" class=\"h-content-swap__normal d-flex border-radius-inherit hide-animation style-1096 style-local-141-c20 position-relative\">\n                      <!---->\n                      <div class=\"w-100 h-y-container align-self-lg-center align-self-md-center align-self-center\">\n                        <!---->\n                        <div data-colibri-id=\"141-c21\" class=\"h-global-transition-all h-heading style-1097 style-local-141-c21 position-relative h-element\">\n                          <!---->\n                          <div class=\"h-heading__outer style-1097 style-local-141-c21\">\n                            <!---->\n                            <!---->\n                            <a href=\"developpement-logiciel-agile\" h-use-smooth-scroll=\"true\">\n                              <h4 class=\"\">D\u00e9veloppement Logiciel Agile<\/h4>\n                            <\/a>\n                          <\/div>\n                        <\/div>\n                      <\/div>\n                    <\/div>\n                    <div data-hover=\"\" data-colibri-component=\"link\" data-href=\"developpement-logiciel-agile\" data-colibri-id=\"141-c22\" class=\"h-content-swap-hover-container animated h-content-swap__hover d-flex border-radius-inherit slideInUp justify-content-lg-center justify-content-md-center justify-content-center h-content-swap-hover-container--with-link style-1099 style-local-141-c22 position-relative\"\n                      style=\"display: none;\">\n                      <!---->\n                      <div class=\"w-100 h-y-container align-self-lg-center align-self-md-center align-self-center\">\n                        <!---->\n                        <div data-colibri-id=\"141-c23\" class=\"h-x-container style-1106 style-local-141-c23 position-relative h-element\">\n                          <!---->\n                          <div class=\"h-x-container-inner style-dynamic-141-c23-group style-1106-spacing style-local-141-c23-spacing\"><span class=\"h-link__outer style-1107-outer style-local-141-c24-outer d-inline-flex h-element\"><a h-use-smooth-scroll=\"true\" href=\"developpement-logiciel-agile\"  data-colibri-id=\"141-c24\" class=\"d-flex w-100 align-items-center h-link style-1107 style-local-141-c24 position-relative\"><!----><!----> <span>En savoir plus<\/span>                            <span class=\"h-svg-icon h-link__icon style-1107-icon style-local-141-c24-icon\"><!--Icon by Icons8 Line Awesome (https:\/\/icons8.com\/line-awesome)--><svg version=\"1.1\" xmlns=\"http:\/\/www.w3.org\/2000\/svg\" xmlns:xlink=\"http:\/\/www.w3.org\/1999\/xlink\" id=\"angle-double-right\" viewBox=\"0 0 512 545.5\"><path d=\"M145.5 108.5l168 168L325 288l-11.5 11.5-168 168-22.5-23L279.5 288 123 131.5zm112 0l168 168L437 288l-11.5 11.5-168 168-22.5-23L391.5 288 235 131.5z\"><\/path><\/svg><\/span><\/a>\n                            <\/span>\n                          <\/div>\n                        <\/div>\n                      <\/div>\n                    <\/div>\n                  <\/div>\n                <\/div>\n              <\/div>\n            <\/div>\n          <\/div>\n        <\/div>\n      <\/div>\n    <\/div>\n  <\/div>\n<\/div>","protected":false},"excerpt":{"rendered":"<p>Donn\u00e9es et&nbsp;Intelligence Artificielle En savoir plus Environnements Modernes de Travail En savoir plus D\u00e9veloppement Logiciel Agile En savoir plus<\/p>\n","protected":false},"author":9,"featured_media":0,"parent":102,"menu_order":1,"comment_status":"closed","ping_status":"closed","template":"page-templates\/full-width-page.php","meta":[],"yoast_head":"<!-- This site is optimized with the Yoast SEO plugin v21.1 - https:\/\/yoast.com\/wordpress\/plugins\/seo\/ -->\n<title>Int\u00e9gration - Aurera<\/title>\n<meta name=\"robots\" content=\"index, follow, max-snippet:-1, max-image-preview:large, max-video-preview:-1\" \/>\n<link rel=\"canonical\" href=\"https:\/\/aurera.fr\/index.php\/solutions\/integration\/\" \/>\n<meta property=\"og:locale\" content=\"fr_FR\" \/>\n<meta property=\"og:type\" content=\"article\" \/>\n<meta property=\"og:title\" content=\"Int\u00e9gration - Aurera\" \/>\n<meta property=\"og:description\" content=\"Donn\u00e9es et&nbsp;Intelligence Artificielle En savoir plus Environnements Modernes de Travail En savoir plus D\u00e9veloppement Logiciel Agile En savoir plus\" \/>\n<meta property=\"og:url\" content=\"https:\/\/aurera.fr\/index.php\/solutions\/integration\/\" \/>\n<meta property=\"og:site_name\" content=\"Aurera\" \/>\n<meta property=\"article:modified_time\" content=\"2021-01-07T17:42:57+00:00\" \/>\n<meta name=\"twitter:card\" content=\"summary_large_image\" \/>\n<script type=\"application\/ld+json\" class=\"yoast-schema-graph\">{\"@context\":\"https:\/\/schema.org\",\"@graph\":[{\"@type\":\"WebPage\",\"@id\":\"https:\/\/aurera.fr\/index.php\/solutions\/integration\/\",\"url\":\"https:\/\/aurera.fr\/index.php\/solutions\/integration\/\",\"name\":\"Int\u00e9gration - Aurera\",\"isPartOf\":{\"@id\":\"https:\/\/aurera.fr\/#website\"},\"datePublished\":\"2020-08-26T10:06:48+00:00\",\"dateModified\":\"2021-01-07T17:42:57+00:00\",\"breadcrumb\":{\"@id\":\"https:\/\/aurera.fr\/index.php\/solutions\/integration\/#breadcrumb\"},\"inLanguage\":\"fr-FR\",\"potentialAction\":[{\"@type\":\"ReadAction\",\"target\":[\"https:\/\/aurera.fr\/index.php\/solutions\/integration\/\"]}]},{\"@type\":\"BreadcrumbList\",\"@id\":\"https:\/\/aurera.fr\/index.php\/solutions\/integration\/#breadcrumb\",\"itemListElement\":[{\"@type\":\"ListItem\",\"position\":1,\"name\":\"Accueil\",\"item\":\"https:\/\/aurera.fr\/\"},{\"@type\":\"ListItem\",\"position\":2,\"name\":\"Offres et Solutions\",\"item\":\"https:\/\/aurera.fr\/index.php\/solutions\/\"},{\"@type\":\"ListItem\",\"position\":3,\"name\":\"Int\u00e9gration\"}]},{\"@type\":\"WebSite\",\"@id\":\"https:\/\/aurera.fr\/#website\",\"url\":\"https:\/\/aurera.fr\/\",\"name\":\"Aurera\",\"description\":\"Consulting, Business, Innovation\",\"publisher\":{\"@id\":\"https:\/\/aurera.fr\/#organization\"},\"potentialAction\":[{\"@type\":\"SearchAction\",\"target\":{\"@type\":\"EntryPoint\",\"urlTemplate\":\"https:\/\/aurera.fr\/?s={search_term_string}\"},\"query-input\":\"required name=search_term_string\"}],\"inLanguage\":\"fr-FR\"},{\"@type\":\"Organization\",\"@id\":\"https:\/\/aurera.fr\/#organization\",\"name\":\"Aurera\",\"url\":\"https:\/\/aurera.fr\/\",\"logo\":{\"@type\":\"ImageObject\",\"inLanguage\":\"fr-FR\",\"@id\":\"https:\/\/aurera.fr\/#\/schema\/logo\/image\/\",\"url\":\"https:\/\/aurera.fr\/wp-content\/uploads\/2021\/03\/LOGO-AURERA-RVB-White-e1615817748297.png\",\"contentUrl\":\"https:\/\/aurera.fr\/wp-content\/uploads\/2021\/03\/LOGO-AURERA-RVB-White-e1615817748297.png\",\"width\":170,\"height\":55,\"caption\":\"Aurera\"},\"image\":{\"@id\":\"https:\/\/aurera.fr\/#\/schema\/logo\/image\/\"},\"sameAs\":[\"https:\/\/www.linkedin.com\/company\/entreprise-aurera\"]}]}<\/script>\n<!-- \/ Yoast SEO plugin. -->","yoast_head_json":{"title":"Int\u00e9gration - Aurera","robots":{"index":"index","follow":"follow","max-snippet":"max-snippet:-1","max-image-preview":"max-image-preview:large","max-video-preview":"max-video-preview:-1"},"canonical":"https:\/\/aurera.fr\/index.php\/solutions\/integration\/","og_locale":"fr_FR","og_type":"article","og_title":"Int\u00e9gration - Aurera","og_description":"Donn\u00e9es et&nbsp;Intelligence Artificielle En savoir plus Environnements Modernes de Travail En savoir plus D\u00e9veloppement Logiciel Agile En savoir plus","og_url":"https:\/\/aurera.fr\/index.php\/solutions\/integration\/","og_site_name":"Aurera","article_modified_time":"2021-01-07T17:42:57+00:00","twitter_card":"summary_large_image","schema":{"@context":"https:\/\/schema.org","@graph":[{"@type":"WebPage","@id":"https:\/\/aurera.fr\/index.php\/solutions\/integration\/","url":"https:\/\/aurera.fr\/index.php\/solutions\/integration\/","name":"Int\u00e9gration - Aurera","isPartOf":{"@id":"https:\/\/aurera.fr\/#website"},"datePublished":"2020-08-26T10:06:48+00:00","dateModified":"2021-01-07T17:42:57+00:00","breadcrumb":{"@id":"https:\/\/aurera.fr\/index.php\/solutions\/integration\/#breadcrumb"},"inLanguage":"fr-FR","potentialAction":[{"@type":"ReadAction","target":["https:\/\/aurera.fr\/index.php\/solutions\/integration\/"]}]},{"@type":"BreadcrumbList","@id":"https:\/\/aurera.fr\/index.php\/solutions\/integration\/#breadcrumb","itemListElement":[{"@type":"ListItem","position":1,"name":"Accueil","item":"https:\/\/aurera.fr\/"},{"@type":"ListItem","position":2,"name":"Offres et Solutions","item":"https:\/\/aurera.fr\/index.php\/solutions\/"},{"@type":"ListItem","position":3,"name":"Int\u00e9gration"}]},{"@type":"WebSite","@id":"https:\/\/aurera.fr\/#website","url":"https:\/\/aurera.fr\/","name":"Aurera","description":"Consulting, Business, Innovation","publisher":{"@id":"https:\/\/aurera.fr\/#organization"},"potentialAction":[{"@type":"SearchAction","target":{"@type":"EntryPoint","urlTemplate":"https:\/\/aurera.fr\/?s={search_term_string}"},"query-input":"required name=search_term_string"}],"inLanguage":"fr-FR"},{"@type":"Organization","@id":"https:\/\/aurera.fr\/#organization","name":"Aurera","url":"https:\/\/aurera.fr\/","logo":{"@type":"ImageObject","inLanguage":"fr-FR","@id":"https:\/\/aurera.fr\/#\/schema\/logo\/image\/","url":"https:\/\/aurera.fr\/wp-content\/uploads\/2021\/03\/LOGO-AURERA-RVB-White-e1615817748297.png","contentUrl":"https:\/\/aurera.fr\/wp-content\/uploads\/2021\/03\/LOGO-AURERA-RVB-White-e1615817748297.png","width":170,"height":55,"caption":"Aurera"},"image":{"@id":"https:\/\/aurera.fr\/#\/schema\/logo\/image\/"},"sameAs":["https:\/\/www.linkedin.com\/company\/entreprise-aurera"]}]}},"_links":{"self":[{"href":"https:\/\/aurera.fr\/index.php\/wp-json\/wp\/v2\/pages\/141"}],"collection":[{"href":"https:\/\/aurera.fr\/index.php\/wp-json\/wp\/v2\/pages"}],"about":[{"href":"https:\/\/aurera.fr\/index.php\/wp-json\/wp\/v2\/types\/page"}],"author":[{"embeddable":true,"href":"https:\/\/aurera.fr\/index.php\/wp-json\/wp\/v2\/users\/9"}],"replies":[{"embeddable":true,"href":"https:\/\/aurera.fr\/index.php\/wp-json\/wp\/v2\/comments?post=141"}],"version-history":[{"count":8,"href":"https:\/\/aurera.fr\/index.php\/wp-json\/wp\/v2\/pages\/141\/revisions"}],"predecessor-version":[{"id":1921,"href":"https:\/\/aurera.fr\/index.php\/wp-json\/wp\/v2\/pages\/141\/revisions\/1921"}],"up":[{"embeddable":true,"href":"https:\/\/aurera.fr\/index.php\/wp-json\/wp\/v2\/pages\/102"}],"wp:attachment":[{"href":"https:\/\/aurera.fr\/index.php\/wp-json\/wp\/v2\/media?parent=141"}],"curies":[{"name":"wp","href":"https:\/\/api.w.org\/{rel}","templated":true}]}}