{"id":145,"date":"2020-08-26T12:10:09","date_gmt":"2020-08-26T10:10:09","guid":{"rendered":"http:\/\/aurera.fr\/?page_id=145"},"modified":"2021-01-07T18:51:03","modified_gmt":"2021-01-07T17:51:03","slug":"environnement-moderne-de-travail","status":"publish","type":"page","link":"https:\/\/aurera.fr\/index.php\/solutions\/integration\/environnement-moderne-de-travail\/","title":{"rendered":"Environnement moderne de travail"},"content":{"rendered":"<div data-colibri-id=\"145-c1\" class=\"style-1189 style-local-145-c1 position-relative\">\n  <!---->\n  <div data-colibri-component=\"section\" data-colibri-id=\"145-c6\" id=\"content\" class=\"h-section h-section-global-spacing d-flex align-items-lg-center align-items-md-center align-items-center style-1194 style-local-145-c6 position-relative\">\n    <!---->\n    <!---->\n    <div class=\"h-section-grid-container h-section-boxed-container\">\n      <!---->\n      <div data-colibri-id=\"145-c7\" class=\"h-row-container gutters-row-lg-2 gutters-row-md-2 gutters-row-2 gutters-row-v-lg-2 gutters-row-v-md-2 gutters-row-v-2 style-1195 style-local-145-c7 position-relative\">\n        <!---->\n        <div class=\"h-row justify-content-lg-center justify-content-md-center justify-content-center align-items-lg-stretch align-items-md-stretch align-items-stretch gutters-col-lg-2 gutters-col-md-2 gutters-col-2 gutters-col-v-lg-2 gutters-col-v-md-2 gutters-col-v-2\">\n          <!---->\n          <div class=\"h-column h-column-container d-flex h-col-lg-auto h-col-md-auto h-col-auto style-1196-outer style-local-145-c8-outer\">\n            <div data-colibri-id=\"145-c8\" class=\"d-flex h-flex-basis h-column__inner h-px-lg-2 h-px-md-2 h-px-2 v-inner-lg-2 v-inner-md-2 v-inner-2 style-1196 style-local-145-c8 position-relative\">\n              <!---->\n              <!---->\n              <div class=\"w-100 h-y-container h-column__content h-column__v-align flex-basis-100 align-self-lg-center align-self-md-center align-self-center\">\n                <!---->\n                <div data-colibri-id=\"145-c10\" class=\"h-lead h-text h-text-component style-1198 style-local-145-c10 position-relative h-element\">\n                  <!---->\n                  <!---->\n                  <div class=\"\">\n                    <p>Une transformation digitale aboutie passe par une tr\u00e8s forte \u00e9volution de l\u2019environnement de travail en favorisant collaboration, efficacit\u00e9 et nomadisme ; sans compromis sur la s\u00e9curit\u00e9. La technologie Microsoft 365 propose un ensemble\n                      de services qui simplifie et acc\u00e9l\u00e8re la mise en place de cette transformation, le t\u00e9l\u00e9travail se veut accessible et convivial.<\/p>\n                  <\/div>\n                <\/div>\n                <div data-colibri-id=\"145-c34\" class=\"h-x-container style-1210 style-local-145-c34 position-relative h-element\">\n                  <!---->\n                  <div class=\"h-x-container-inner style-dynamic-145-c34-group style-1210-spacing style-local-145-c34-spacing\"><span class=\"h-button__outer style-1211-outer style-local-145-c35-outer d-inline-flex h-element\"><a h-use-smooth-scroll=\"true\" href=\"developpement-logiciel-agile\"  data-colibri-id=\"145-c35\" class=\"d-flex w-100 align-items-center h-button justify-content-lg-center justify-content-md-center justify-content-center style-1211 style-local-145-c35 position-relative\"><!----><!----> <span>D\u00e9veloppement Logiciel Agile<\/span><\/a>\n                    <\/span>\n                  <\/div>\n                <\/div>\n              <\/div>\n            <\/div>\n          <\/div>\n          <div class=\"h-column h-column-container d-flex h-col-lg-auto h-col-md-auto h-col-auto style-1204-outer style-local-145-c28-outer\">\n            <div data-colibri-id=\"145-c28\" class=\"d-flex h-flex-basis h-column__inner h-px-lg-2 h-px-md-0 h-px-2 v-inner-lg-2 v-inner-md-0 v-inner-2 style-1204 style-local-145-c28 position-relative\">\n              <!---->\n              <!---->\n              <div class=\"w-100 h-y-container h-column__content h-column__v-align flex-basis-100 align-self-lg-center align-self-md-center align-self-center\">\n                <!---->\n                <div data-colibri-id=\"145-c29\" class=\"d-block style-1205 style-local-145-c29 position-relative h-element\">\n                  <!---->\n                  <div class=\"h-image__frame-container-outer\">\n                    <div class=\"h-image__frame-container\">\n                      <!---->\n                      <!---->\n                      <img decoding=\"async\" data-src=\"\/wp-content\/uploads\/2021\/01\/colibri-image-388.png\" class=\"wp-image-183 style-1205-image style-local-145-c29-image lazyload\" alt=\"\" src=\"data:image\/gif;base64,R0lGODlhAQABAAAAACH5BAEKAAEALAAAAAABAAEAAAICTAEAOw==\" style=\"--smush-placeholder-width: 1094px; --smush-placeholder-aspect-ratio: 1094\/1280;\" \/><noscript><img decoding=\"async\" src=\"\/wp-content\/uploads\/2021\/01\/colibri-image-388.png\" class=\"wp-image-183 style-1205-image style-local-145-c29-image\" alt=\"\" \/><\/noscript>\n                      <div class=\"h-image__frame h-image__frame_shadow h-hide-sm style-1205-frameImage style-local-145-c29-frameImage\"><\/div>\n                    <\/div>\n                  <\/div>\n                <\/div>\n              <\/div>\n            <\/div>\n          <\/div>\n        <\/div>\n      <\/div>\n    <\/div>\n  <\/div>\n<\/div>","protected":false},"excerpt":{"rendered":"<p>Une transformation digitale aboutie passe par une tr\u00e8s forte \u00e9volution de l\u2019environnement de travail en favorisant collaboration, efficacit\u00e9 et nomadisme ; sans compromis sur la s\u00e9curit\u00e9. La technologie Microsoft 365 propose un ensemble de services qui simplifie et acc\u00e9l\u00e8re la mise en place de cette transformation, le t\u00e9l\u00e9travail se veut accessible et convivial. D\u00e9veloppement Logiciel [&hellip;]<\/p>\n","protected":false},"author":9,"featured_media":0,"parent":141,"menu_order":1,"comment_status":"closed","ping_status":"closed","template":"page-templates\/full-width-page.php","meta":[],"yoast_head":"<!-- This site is optimized with the Yoast SEO plugin v21.1 - https:\/\/yoast.com\/wordpress\/plugins\/seo\/ -->\n<title>Environnement moderne de travail - Aurera<\/title>\n<meta name=\"robots\" content=\"index, follow, max-snippet:-1, max-image-preview:large, max-video-preview:-1\" \/>\n<link rel=\"canonical\" href=\"https:\/\/aurera.fr\/index.php\/solutions\/integration\/environnement-moderne-de-travail\/\" \/>\n<meta property=\"og:locale\" content=\"fr_FR\" \/>\n<meta property=\"og:type\" content=\"article\" \/>\n<meta property=\"og:title\" content=\"Environnement moderne de travail - Aurera\" \/>\n<meta property=\"og:description\" content=\"Une transformation digitale aboutie passe par une tr\u00e8s forte \u00e9volution de l\u2019environnement de travail en favorisant collaboration, efficacit\u00e9 et nomadisme ; sans compromis sur la s\u00e9curit\u00e9. La technologie Microsoft 365 propose un ensemble de services qui simplifie et acc\u00e9l\u00e8re la mise en place de cette transformation, le t\u00e9l\u00e9travail se veut accessible et convivial. D\u00e9veloppement Logiciel [&hellip;]\" \/>\n<meta property=\"og:url\" content=\"https:\/\/aurera.fr\/index.php\/solutions\/integration\/environnement-moderne-de-travail\/\" \/>\n<meta property=\"og:site_name\" content=\"Aurera\" \/>\n<meta property=\"article:modified_time\" content=\"2021-01-07T17:51:03+00:00\" \/>\n<meta name=\"twitter:card\" content=\"summary_large_image\" \/>\n<script type=\"application\/ld+json\" class=\"yoast-schema-graph\">{\"@context\":\"https:\/\/schema.org\",\"@graph\":[{\"@type\":\"WebPage\",\"@id\":\"https:\/\/aurera.fr\/index.php\/solutions\/integration\/environnement-moderne-de-travail\/\",\"url\":\"https:\/\/aurera.fr\/index.php\/solutions\/integration\/environnement-moderne-de-travail\/\",\"name\":\"Environnement moderne de travail - Aurera\",\"isPartOf\":{\"@id\":\"https:\/\/aurera.fr\/#website\"},\"datePublished\":\"2020-08-26T10:10:09+00:00\",\"dateModified\":\"2021-01-07T17:51:03+00:00\",\"breadcrumb\":{\"@id\":\"https:\/\/aurera.fr\/index.php\/solutions\/integration\/environnement-moderne-de-travail\/#breadcrumb\"},\"inLanguage\":\"fr-FR\",\"potentialAction\":[{\"@type\":\"ReadAction\",\"target\":[\"https:\/\/aurera.fr\/index.php\/solutions\/integration\/environnement-moderne-de-travail\/\"]}]},{\"@type\":\"BreadcrumbList\",\"@id\":\"https:\/\/aurera.fr\/index.php\/solutions\/integration\/environnement-moderne-de-travail\/#breadcrumb\",\"itemListElement\":[{\"@type\":\"ListItem\",\"position\":1,\"name\":\"Accueil\",\"item\":\"https:\/\/aurera.fr\/\"},{\"@type\":\"ListItem\",\"position\":2,\"name\":\"Offres et Solutions\",\"item\":\"https:\/\/aurera.fr\/index.php\/solutions\/\"},{\"@type\":\"ListItem\",\"position\":3,\"name\":\"Int\u00e9gration\",\"item\":\"https:\/\/aurera.fr\/index.php\/solutions\/integration\/\"},{\"@type\":\"ListItem\",\"position\":4,\"name\":\"Environnement moderne de travail\"}]},{\"@type\":\"WebSite\",\"@id\":\"https:\/\/aurera.fr\/#website\",\"url\":\"https:\/\/aurera.fr\/\",\"name\":\"Aurera\",\"description\":\"Consulting, Business, Innovation\",\"publisher\":{\"@id\":\"https:\/\/aurera.fr\/#organization\"},\"potentialAction\":[{\"@type\":\"SearchAction\",\"target\":{\"@type\":\"EntryPoint\",\"urlTemplate\":\"https:\/\/aurera.fr\/?s={search_term_string}\"},\"query-input\":\"required name=search_term_string\"}],\"inLanguage\":\"fr-FR\"},{\"@type\":\"Organization\",\"@id\":\"https:\/\/aurera.fr\/#organization\",\"name\":\"Aurera\",\"url\":\"https:\/\/aurera.fr\/\",\"logo\":{\"@type\":\"ImageObject\",\"inLanguage\":\"fr-FR\",\"@id\":\"https:\/\/aurera.fr\/#\/schema\/logo\/image\/\",\"url\":\"https:\/\/aurera.fr\/wp-content\/uploads\/2021\/03\/LOGO-AURERA-RVB-White-e1615817748297.png\",\"contentUrl\":\"https:\/\/aurera.fr\/wp-content\/uploads\/2021\/03\/LOGO-AURERA-RVB-White-e1615817748297.png\",\"width\":170,\"height\":55,\"caption\":\"Aurera\"},\"image\":{\"@id\":\"https:\/\/aurera.fr\/#\/schema\/logo\/image\/\"},\"sameAs\":[\"https:\/\/www.linkedin.com\/company\/entreprise-aurera\"]}]}<\/script>\n<!-- \/ Yoast SEO plugin. -->","yoast_head_json":{"title":"Environnement moderne de travail - Aurera","robots":{"index":"index","follow":"follow","max-snippet":"max-snippet:-1","max-image-preview":"max-image-preview:large","max-video-preview":"max-video-preview:-1"},"canonical":"https:\/\/aurera.fr\/index.php\/solutions\/integration\/environnement-moderne-de-travail\/","og_locale":"fr_FR","og_type":"article","og_title":"Environnement moderne de travail - Aurera","og_description":"Une transformation digitale aboutie passe par une tr\u00e8s forte \u00e9volution de l\u2019environnement de travail en favorisant collaboration, efficacit\u00e9 et nomadisme ; sans compromis sur la s\u00e9curit\u00e9. La technologie Microsoft 365 propose un ensemble de services qui simplifie et acc\u00e9l\u00e8re la mise en place de cette transformation, le t\u00e9l\u00e9travail se veut accessible et convivial. D\u00e9veloppement Logiciel [&hellip;]","og_url":"https:\/\/aurera.fr\/index.php\/solutions\/integration\/environnement-moderne-de-travail\/","og_site_name":"Aurera","article_modified_time":"2021-01-07T17:51:03+00:00","twitter_card":"summary_large_image","schema":{"@context":"https:\/\/schema.org","@graph":[{"@type":"WebPage","@id":"https:\/\/aurera.fr\/index.php\/solutions\/integration\/environnement-moderne-de-travail\/","url":"https:\/\/aurera.fr\/index.php\/solutions\/integration\/environnement-moderne-de-travail\/","name":"Environnement moderne de travail - Aurera","isPartOf":{"@id":"https:\/\/aurera.fr\/#website"},"datePublished":"2020-08-26T10:10:09+00:00","dateModified":"2021-01-07T17:51:03+00:00","breadcrumb":{"@id":"https:\/\/aurera.fr\/index.php\/solutions\/integration\/environnement-moderne-de-travail\/#breadcrumb"},"inLanguage":"fr-FR","potentialAction":[{"@type":"ReadAction","target":["https:\/\/aurera.fr\/index.php\/solutions\/integration\/environnement-moderne-de-travail\/"]}]},{"@type":"BreadcrumbList","@id":"https:\/\/aurera.fr\/index.php\/solutions\/integration\/environnement-moderne-de-travail\/#breadcrumb","itemListElement":[{"@type":"ListItem","position":1,"name":"Accueil","item":"https:\/\/aurera.fr\/"},{"@type":"ListItem","position":2,"name":"Offres et Solutions","item":"https:\/\/aurera.fr\/index.php\/solutions\/"},{"@type":"ListItem","position":3,"name":"Int\u00e9gration","item":"https:\/\/aurera.fr\/index.php\/solutions\/integration\/"},{"@type":"ListItem","position":4,"name":"Environnement moderne de travail"}]},{"@type":"WebSite","@id":"https:\/\/aurera.fr\/#website","url":"https:\/\/aurera.fr\/","name":"Aurera","description":"Consulting, Business, Innovation","publisher":{"@id":"https:\/\/aurera.fr\/#organization"},"potentialAction":[{"@type":"SearchAction","target":{"@type":"EntryPoint","urlTemplate":"https:\/\/aurera.fr\/?s={search_term_string}"},"query-input":"required name=search_term_string"}],"inLanguage":"fr-FR"},{"@type":"Organization","@id":"https:\/\/aurera.fr\/#organization","name":"Aurera","url":"https:\/\/aurera.fr\/","logo":{"@type":"ImageObject","inLanguage":"fr-FR","@id":"https:\/\/aurera.fr\/#\/schema\/logo\/image\/","url":"https:\/\/aurera.fr\/wp-content\/uploads\/2021\/03\/LOGO-AURERA-RVB-White-e1615817748297.png","contentUrl":"https:\/\/aurera.fr\/wp-content\/uploads\/2021\/03\/LOGO-AURERA-RVB-White-e1615817748297.png","width":170,"height":55,"caption":"Aurera"},"image":{"@id":"https:\/\/aurera.fr\/#\/schema\/logo\/image\/"},"sameAs":["https:\/\/www.linkedin.com\/company\/entreprise-aurera"]}]}},"_links":{"self":[{"href":"https:\/\/aurera.fr\/index.php\/wp-json\/wp\/v2\/pages\/145"}],"collection":[{"href":"https:\/\/aurera.fr\/index.php\/wp-json\/wp\/v2\/pages"}],"about":[{"href":"https:\/\/aurera.fr\/index.php\/wp-json\/wp\/v2\/types\/page"}],"author":[{"embeddable":true,"href":"https:\/\/aurera.fr\/index.php\/wp-json\/wp\/v2\/users\/9"}],"replies":[{"embeddable":true,"href":"https:\/\/aurera.fr\/index.php\/wp-json\/wp\/v2\/comments?post=145"}],"version-history":[{"count":3,"href":"https:\/\/aurera.fr\/index.php\/wp-json\/wp\/v2\/pages\/145\/revisions"}],"predecessor-version":[{"id":1944,"href":"https:\/\/aurera.fr\/index.php\/wp-json\/wp\/v2\/pages\/145\/revisions\/1944"}],"up":[{"embeddable":true,"href":"https:\/\/aurera.fr\/index.php\/wp-json\/wp\/v2\/pages\/141"}],"wp:attachment":[{"href":"https:\/\/aurera.fr\/index.php\/wp-json\/wp\/v2\/media?parent=145"}],"curies":[{"name":"wp","href":"https:\/\/api.w.org\/{rel}","templated":true}]}}