{"id":147,"date":"2020-08-26T12:10:52","date_gmt":"2020-08-26T10:10:52","guid":{"rendered":"http:\/\/aurera.fr\/?page_id=147"},"modified":"2021-01-13T17:17:55","modified_gmt":"2021-01-13T16:17:55","slug":"developpement-logiciel-agile","status":"publish","type":"page","link":"https:\/\/aurera.fr\/index.php\/solutions\/integration\/developpement-logiciel-agile\/","title":{"rendered":"D\u00e9veloppement logiciel agile"},"content":{"rendered":"<div data-colibri-id=\"147-c1\" class=\"style-1212 style-local-147-c1 position-relative\">\n  <!---->\n  <div data-colibri-component=\"section\" data-colibri-id=\"147-c2\" id=\"content\" class=\"h-section h-section-global-spacing d-flex align-items-lg-center align-items-md-center align-items-center style-1217 style-local-147-c2 position-relative\">\n    <!---->\n    <!---->\n    <div class=\"h-section-grid-container h-section-boxed-container\">\n      <!---->\n      <div data-colibri-id=\"147-c3\" class=\"h-row-container gutters-row-lg-2 gutters-row-md-2 gutters-row-2 gutters-row-v-lg-2 gutters-row-v-md-2 gutters-row-v-2 style-1218 style-local-147-c3 position-relative\">\n        <!---->\n        <div class=\"h-row justify-content-lg-center justify-content-md-center justify-content-center align-items-lg-stretch align-items-md-stretch align-items-stretch gutters-col-lg-2 gutters-col-md-2 gutters-col-2 gutters-col-v-lg-2 gutters-col-v-md-2 gutters-col-v-2\">\n          <!---->\n          <div class=\"h-column h-column-container d-flex h-col-lg-auto h-col-md-auto h-col-auto style-1219-outer style-local-147-c4-outer\">\n            <div data-colibri-id=\"147-c4\" class=\"d-flex h-flex-basis h-column__inner h-px-lg-2 h-px-md-2 h-px-2 v-inner-lg-2 v-inner-md-2 v-inner-2 style-1219 style-local-147-c4 position-relative\">\n              <!---->\n              <!---->\n              <div class=\"w-100 h-y-container h-column__content h-column__v-align flex-basis-100 align-self-lg-center align-self-md-center align-self-center\">\n                <!---->\n                <div data-colibri-id=\"147-c5\" class=\"d-block style-1220 style-local-147-c5 position-relative h-element\">\n                  <!---->\n                  <div class=\"h-image__frame-container-outer\">\n                    <div class=\"h-image__frame-container\">\n                      <!---->\n                      <!---->\n                      <img decoding=\"async\" loading=\"lazy\" width=\"750\" height=\"750\" data-src=\"\/wp-content\/uploads\/2021\/01\/cropped-2018-06-18-scrum-melody-sprint-retrospective.jpg\" class=\"wp-image-2356 style-1220-image style-local-147-c5-image lazyload\" data-srcset=\"https:\/\/aurera.fr\/wp-content\/uploads\/2021\/01\/cropped-2018-06-18-scrum-melody-sprint-retrospective.jpg 750w, https:\/\/aurera.fr\/wp-content\/uploads\/2021\/01\/cropped-2018-06-18-scrum-melody-sprint-retrospective-300x300.jpg 300w, https:\/\/aurera.fr\/wp-content\/uploads\/2021\/01\/cropped-2018-06-18-scrum-melody-sprint-retrospective-150x150.jpg 150w\" data-sizes=\"(max-width: 750px) 100vw, 750px\" alt=\"\" src=\"data:image\/gif;base64,R0lGODlhAQABAAAAACH5BAEKAAEALAAAAAABAAEAAAICTAEAOw==\" style=\"--smush-placeholder-width: 750px; --smush-placeholder-aspect-ratio: 750\/750;\" \/><noscript><img decoding=\"async\" loading=\"lazy\" width=\"750\" height=\"750\" src=\"\/wp-content\/uploads\/2021\/01\/cropped-2018-06-18-scrum-melody-sprint-retrospective.jpg\" class=\"wp-image-2356 style-1220-image style-local-147-c5-image\" srcset=\"https:\/\/aurera.fr\/wp-content\/uploads\/2021\/01\/cropped-2018-06-18-scrum-melody-sprint-retrospective.jpg 750w, https:\/\/aurera.fr\/wp-content\/uploads\/2021\/01\/cropped-2018-06-18-scrum-melody-sprint-retrospective-300x300.jpg 300w, https:\/\/aurera.fr\/wp-content\/uploads\/2021\/01\/cropped-2018-06-18-scrum-melody-sprint-retrospective-150x150.jpg 150w\" sizes=\"(max-width: 750px) 100vw, 750px\" alt=\"\" \/><\/noscript>\n                      <div class=\"h-image__frame h-image__frame_shadow h-hide-sm style-1220-frameImage style-local-147-c5-frameImage\"><\/div>\n                    <\/div>\n                  <\/div>\n                <\/div>\n              <\/div>\n            <\/div>\n          <\/div>\n          <div class=\"h-column h-column-container d-flex h-col-lg-auto h-col-md-auto h-col-auto style-1221-outer style-local-147-c6-outer\">\n            <div data-colibri-id=\"147-c6\" class=\"d-flex h-flex-basis h-column__inner h-px-lg-2 h-px-md-2 h-px-2 v-inner-lg-2 v-inner-md-2 v-inner-2 style-1221 style-local-147-c6 position-relative\">\n              <!---->\n              <!---->\n              <div class=\"w-100 h-y-container h-column__content h-column__v-align flex-basis-100 align-self-lg-center align-self-md-center align-self-center\">\n                <!---->\n                <div data-colibri-id=\"147-c7\" class=\"h-lead h-text h-text-component style-1223 style-local-147-c7 position-relative h-element\">\n                  <!---->\n                  <!---->\n                  <div class=\"\">\n                    <p>Notre approche est bas\u00e9e sur un objectif de r\u00e9duction du temps de d\u00e9veloppement avec mise en place d\u2019une forge logicielle d\u00e9di\u00e9e \u00e0 votre projet. Que ce soit dans un environnement Azure ou On-Premise, nos consultants sont forts d\u2019une\n                      approche DevOps et Agile en mettant \u00e0 profit des concepts r\u00e9cents comme le Lean Start-Up, et prenant \u00e9galement en compte les contraintes l\u00e9gales lors de la mise en \u0153uvre de projets.<\/p>\n                  <\/div>\n                <\/div>\n                <div data-colibri-id=\"147-c8\" class=\"h-x-container style-1233 style-local-147-c8 position-relative h-element\">\n                  <!---->\n                  <div class=\"h-x-container-inner style-dynamic-147-c8-group style-1233-spacing style-local-147-c8-spacing\"><span class=\"h-button__outer style-1234-outer style-local-147-c9-outer d-inline-flex h-element\"><a h-use-smooth-scroll=\"true\" href=\"integration\"  data-colibri-id=\"147-c9\" class=\"d-flex w-100 align-items-center h-button justify-content-lg-center justify-content-md-center justify-content-center style-1234 style-local-147-c9 position-relative\"><!----><!----> <span>Int\u00e9gration<\/span><\/a>\n                    <\/span>\n                  <\/div>\n                <\/div>\n              <\/div>\n            <\/div>\n          <\/div>\n        <\/div>\n      <\/div>\n    <\/div>\n  <\/div>\n<\/div>","protected":false},"excerpt":{"rendered":"<p>Notre approche est bas\u00e9e sur un objectif de r\u00e9duction du temps de d\u00e9veloppement avec mise en place d\u2019une forge logicielle d\u00e9di\u00e9e \u00e0 votre projet. Que ce soit dans un environnement Azure ou On-Premise, nos consultants sont forts d\u2019une approche DevOps et Agile en mettant \u00e0 profit des concepts r\u00e9cents comme le Lean Start-Up, et prenant [&hellip;]<\/p>\n","protected":false},"author":9,"featured_media":0,"parent":141,"menu_order":2,"comment_status":"closed","ping_status":"closed","template":"page-templates\/full-width-page.php","meta":[],"yoast_head":"<!-- This site is optimized with the Yoast SEO plugin v21.1 - https:\/\/yoast.com\/wordpress\/plugins\/seo\/ -->\n<title>D\u00e9veloppement logiciel agile - Aurera<\/title>\n<meta name=\"robots\" content=\"index, follow, max-snippet:-1, max-image-preview:large, max-video-preview:-1\" \/>\n<link rel=\"canonical\" href=\"https:\/\/aurera.fr\/index.php\/solutions\/integration\/developpement-logiciel-agile\/\" \/>\n<meta property=\"og:locale\" content=\"fr_FR\" \/>\n<meta property=\"og:type\" content=\"article\" \/>\n<meta property=\"og:title\" content=\"D\u00e9veloppement logiciel agile - Aurera\" \/>\n<meta property=\"og:description\" content=\"Notre approche est bas\u00e9e sur un objectif de r\u00e9duction du temps de d\u00e9veloppement avec mise en place d\u2019une forge logicielle d\u00e9di\u00e9e \u00e0 votre projet. Que ce soit dans un environnement Azure ou On-Premise, nos consultants sont forts d\u2019une approche DevOps et Agile en mettant \u00e0 profit des concepts r\u00e9cents comme le Lean Start-Up, et prenant [&hellip;]\" \/>\n<meta property=\"og:url\" content=\"https:\/\/aurera.fr\/index.php\/solutions\/integration\/developpement-logiciel-agile\/\" \/>\n<meta property=\"og:site_name\" content=\"Aurera\" \/>\n<meta property=\"article:modified_time\" content=\"2021-01-13T16:17:55+00:00\" \/>\n<meta name=\"twitter:card\" content=\"summary_large_image\" \/>\n<script type=\"application\/ld+json\" class=\"yoast-schema-graph\">{\"@context\":\"https:\/\/schema.org\",\"@graph\":[{\"@type\":\"WebPage\",\"@id\":\"https:\/\/aurera.fr\/index.php\/solutions\/integration\/developpement-logiciel-agile\/\",\"url\":\"https:\/\/aurera.fr\/index.php\/solutions\/integration\/developpement-logiciel-agile\/\",\"name\":\"D\u00e9veloppement logiciel agile - Aurera\",\"isPartOf\":{\"@id\":\"https:\/\/aurera.fr\/#website\"},\"datePublished\":\"2020-08-26T10:10:52+00:00\",\"dateModified\":\"2021-01-13T16:17:55+00:00\",\"breadcrumb\":{\"@id\":\"https:\/\/aurera.fr\/index.php\/solutions\/integration\/developpement-logiciel-agile\/#breadcrumb\"},\"inLanguage\":\"fr-FR\",\"potentialAction\":[{\"@type\":\"ReadAction\",\"target\":[\"https:\/\/aurera.fr\/index.php\/solutions\/integration\/developpement-logiciel-agile\/\"]}]},{\"@type\":\"BreadcrumbList\",\"@id\":\"https:\/\/aurera.fr\/index.php\/solutions\/integration\/developpement-logiciel-agile\/#breadcrumb\",\"itemListElement\":[{\"@type\":\"ListItem\",\"position\":1,\"name\":\"Accueil\",\"item\":\"https:\/\/aurera.fr\/\"},{\"@type\":\"ListItem\",\"position\":2,\"name\":\"Offres et Solutions\",\"item\":\"https:\/\/aurera.fr\/index.php\/solutions\/\"},{\"@type\":\"ListItem\",\"position\":3,\"name\":\"Int\u00e9gration\",\"item\":\"https:\/\/aurera.fr\/index.php\/solutions\/integration\/\"},{\"@type\":\"ListItem\",\"position\":4,\"name\":\"D\u00e9veloppement logiciel agile\"}]},{\"@type\":\"WebSite\",\"@id\":\"https:\/\/aurera.fr\/#website\",\"url\":\"https:\/\/aurera.fr\/\",\"name\":\"Aurera\",\"description\":\"Consulting, Business, Innovation\",\"publisher\":{\"@id\":\"https:\/\/aurera.fr\/#organization\"},\"potentialAction\":[{\"@type\":\"SearchAction\",\"target\":{\"@type\":\"EntryPoint\",\"urlTemplate\":\"https:\/\/aurera.fr\/?s={search_term_string}\"},\"query-input\":\"required name=search_term_string\"}],\"inLanguage\":\"fr-FR\"},{\"@type\":\"Organization\",\"@id\":\"https:\/\/aurera.fr\/#organization\",\"name\":\"Aurera\",\"url\":\"https:\/\/aurera.fr\/\",\"logo\":{\"@type\":\"ImageObject\",\"inLanguage\":\"fr-FR\",\"@id\":\"https:\/\/aurera.fr\/#\/schema\/logo\/image\/\",\"url\":\"https:\/\/aurera.fr\/wp-content\/uploads\/2021\/03\/LOGO-AURERA-RVB-White-e1615817748297.png\",\"contentUrl\":\"https:\/\/aurera.fr\/wp-content\/uploads\/2021\/03\/LOGO-AURERA-RVB-White-e1615817748297.png\",\"width\":170,\"height\":55,\"caption\":\"Aurera\"},\"image\":{\"@id\":\"https:\/\/aurera.fr\/#\/schema\/logo\/image\/\"},\"sameAs\":[\"https:\/\/www.linkedin.com\/company\/entreprise-aurera\"]}]}<\/script>\n<!-- \/ Yoast SEO plugin. -->","yoast_head_json":{"title":"D\u00e9veloppement logiciel agile - Aurera","robots":{"index":"index","follow":"follow","max-snippet":"max-snippet:-1","max-image-preview":"max-image-preview:large","max-video-preview":"max-video-preview:-1"},"canonical":"https:\/\/aurera.fr\/index.php\/solutions\/integration\/developpement-logiciel-agile\/","og_locale":"fr_FR","og_type":"article","og_title":"D\u00e9veloppement logiciel agile - Aurera","og_description":"Notre approche est bas\u00e9e sur un objectif de r\u00e9duction du temps de d\u00e9veloppement avec mise en place d\u2019une forge logicielle d\u00e9di\u00e9e \u00e0 votre projet. Que ce soit dans un environnement Azure ou On-Premise, nos consultants sont forts d\u2019une approche DevOps et Agile en mettant \u00e0 profit des concepts r\u00e9cents comme le Lean Start-Up, et prenant [&hellip;]","og_url":"https:\/\/aurera.fr\/index.php\/solutions\/integration\/developpement-logiciel-agile\/","og_site_name":"Aurera","article_modified_time":"2021-01-13T16:17:55+00:00","twitter_card":"summary_large_image","schema":{"@context":"https:\/\/schema.org","@graph":[{"@type":"WebPage","@id":"https:\/\/aurera.fr\/index.php\/solutions\/integration\/developpement-logiciel-agile\/","url":"https:\/\/aurera.fr\/index.php\/solutions\/integration\/developpement-logiciel-agile\/","name":"D\u00e9veloppement logiciel agile - Aurera","isPartOf":{"@id":"https:\/\/aurera.fr\/#website"},"datePublished":"2020-08-26T10:10:52+00:00","dateModified":"2021-01-13T16:17:55+00:00","breadcrumb":{"@id":"https:\/\/aurera.fr\/index.php\/solutions\/integration\/developpement-logiciel-agile\/#breadcrumb"},"inLanguage":"fr-FR","potentialAction":[{"@type":"ReadAction","target":["https:\/\/aurera.fr\/index.php\/solutions\/integration\/developpement-logiciel-agile\/"]}]},{"@type":"BreadcrumbList","@id":"https:\/\/aurera.fr\/index.php\/solutions\/integration\/developpement-logiciel-agile\/#breadcrumb","itemListElement":[{"@type":"ListItem","position":1,"name":"Accueil","item":"https:\/\/aurera.fr\/"},{"@type":"ListItem","position":2,"name":"Offres et Solutions","item":"https:\/\/aurera.fr\/index.php\/solutions\/"},{"@type":"ListItem","position":3,"name":"Int\u00e9gration","item":"https:\/\/aurera.fr\/index.php\/solutions\/integration\/"},{"@type":"ListItem","position":4,"name":"D\u00e9veloppement logiciel agile"}]},{"@type":"WebSite","@id":"https:\/\/aurera.fr\/#website","url":"https:\/\/aurera.fr\/","name":"Aurera","description":"Consulting, Business, Innovation","publisher":{"@id":"https:\/\/aurera.fr\/#organization"},"potentialAction":[{"@type":"SearchAction","target":{"@type":"EntryPoint","urlTemplate":"https:\/\/aurera.fr\/?s={search_term_string}"},"query-input":"required name=search_term_string"}],"inLanguage":"fr-FR"},{"@type":"Organization","@id":"https:\/\/aurera.fr\/#organization","name":"Aurera","url":"https:\/\/aurera.fr\/","logo":{"@type":"ImageObject","inLanguage":"fr-FR","@id":"https:\/\/aurera.fr\/#\/schema\/logo\/image\/","url":"https:\/\/aurera.fr\/wp-content\/uploads\/2021\/03\/LOGO-AURERA-RVB-White-e1615817748297.png","contentUrl":"https:\/\/aurera.fr\/wp-content\/uploads\/2021\/03\/LOGO-AURERA-RVB-White-e1615817748297.png","width":170,"height":55,"caption":"Aurera"},"image":{"@id":"https:\/\/aurera.fr\/#\/schema\/logo\/image\/"},"sameAs":["https:\/\/www.linkedin.com\/company\/entreprise-aurera"]}]}},"_links":{"self":[{"href":"https:\/\/aurera.fr\/index.php\/wp-json\/wp\/v2\/pages\/147"}],"collection":[{"href":"https:\/\/aurera.fr\/index.php\/wp-json\/wp\/v2\/pages"}],"about":[{"href":"https:\/\/aurera.fr\/index.php\/wp-json\/wp\/v2\/types\/page"}],"author":[{"embeddable":true,"href":"https:\/\/aurera.fr\/index.php\/wp-json\/wp\/v2\/users\/9"}],"replies":[{"embeddable":true,"href":"https:\/\/aurera.fr\/index.php\/wp-json\/wp\/v2\/comments?post=147"}],"version-history":[{"count":4,"href":"https:\/\/aurera.fr\/index.php\/wp-json\/wp\/v2\/pages\/147\/revisions"}],"predecessor-version":[{"id":2359,"href":"https:\/\/aurera.fr\/index.php\/wp-json\/wp\/v2\/pages\/147\/revisions\/2359"}],"up":[{"embeddable":true,"href":"https:\/\/aurera.fr\/index.php\/wp-json\/wp\/v2\/pages\/141"}],"wp:attachment":[{"href":"https:\/\/aurera.fr\/index.php\/wp-json\/wp\/v2\/media?parent=147"}],"curies":[{"name":"wp","href":"https:\/\/api.w.org\/{rel}","templated":true}]}}