{"id":3,"date":"2020-08-25T10:31:08","date_gmt":"2020-08-25T08:31:08","guid":{"rendered":"http:\/\/aurera.fr\/?page_id=3"},"modified":"2023-03-15T17:28:19","modified_gmt":"2023-03-15T16:28:19","slug":"politique-de-confidentialite","status":"publish","type":"page","link":"https:\/\/aurera.fr\/index.php\/politique-de-confidentialite\/","title":{"rendered":"Politique de confidentialit\u00e9"},"content":{"rendered":"<div data-colibri-id=\"3-c1\" class=\"style-1083 style-local-3-c1 position-relative\">\n  <!---->\n  <div data-colibri-component=\"section\" data-colibri-id=\"3-c2\" id=\"custom\" class=\"h-section h-section-global-spacing d-flex align-items-lg-center align-items-md-center align-items-center style-1088 style-local-3-c2 position-relative\">\n    <!---->\n    <!---->\n    <div class=\"h-section-grid-container h-section-boxed-container\">\n      <!---->\n      <div data-colibri-id=\"3-c3\" class=\"h-row-container gutters-row-lg-2 gutters-row-md-2 gutters-row-0 gutters-row-v-lg-2 gutters-row-v-md-2 gutters-row-v-2 style-1089 style-local-3-c3 position-relative\">\n        <!---->\n        <div class=\"h-row justify-content-lg-center justify-content-md-center justify-content-center align-items-lg-stretch align-items-md-stretch align-items-stretch gutters-col-lg-2 gutters-col-md-2 gutters-col-0 gutters-col-v-lg-2 gutters-col-v-md-2 gutters-col-v-2\">\n          <!---->\n          <div class=\"h-column h-column-container d-flex h-col-lg-auto h-col-md-auto h-col-auto style-1090-outer style-local-3-c4-outer\">\n            <div data-colibri-id=\"3-c4\" class=\"d-flex h-flex-basis h-column__inner h-px-lg-2 h-px-md-2 h-px-2 v-inner-lg-2 v-inner-md-2 v-inner-2 style-1090 style-local-3-c4 position-relative\">\n              <!---->\n              <!---->\n              <div class=\"w-100 h-y-container h-column__content h-column__v-align flex-basis-100 align-self-lg-start align-self-md-start align-self-start\">\n                <!---->\n                <div data-colibri-id=\"3-c5\" class=\"h-text h-text-component style-1091 style-local-3-c5 position-relative h-element\">\n                  <!---->\n                  <!---->\n                  <div class=\"\">\n                    <p>Conform\u00e9ment aux dispositions des Articles 6-111 et 19 de la Loi n\u00b02004-575 du 21 juin 2004 pour la confiance dans l\u2019\u00e9conomie num\u00e9rique, dite L.C.E.N., il est port\u00e9 \u00e0 la connaissance des utilisateurs et visiteurs du site www.aurera.fr\n                      les pr\u00e9sentes mentions l\u00e9gales.<\/p>\n                    <p><strong>ARTICLE 1 \u2013 LOI APPLICABLE ET JURIDICTION<\/strong><\/p>\n                    <p>Le site www.aurera.fr est soumis \u00e0 la foi fran\u00e7aise. Toute utilisation du site doit \u00eatre conforme \u00e0 la loi fran\u00e7aise et aux trait\u00e9s et instruments nationaux et internationaux applicables et sera r\u00e9put\u00e9e \u00eatre intervenue sur le territoire\n                      fran\u00e7ais. Tout acc\u00e8s et\/ou utilisation du site vaut acceptation expresse et sans r\u00e9server des pr\u00e9sentes conditions g\u00e9n\u00e9rales d\u2019utilisation.<\/p>\n                    <p><strong>ARTICLE 2 \u2013 INFORMATIONS L\u00c9GALES : \u00e9diteur, directeur de la publication et h\u00e9bergeur.<\/strong><\/p>\n                    <p>Le site www.aurera.fr est la propri\u00e9t\u00e9 de la soci\u00e9t\u00e9 par action simplifi\u00e9e \u00e0 associ\u00e9 unique AURERA dont le si\u00e8ge est situ\u00e9 au 2 ter rue Louis Armand \u00e0&nbsp;Paris (75015).<\/p>\n                    <p>La soci\u00e9t\u00e9 est repr\u00e9sent\u00e9e par son pr\u00e9sident, M. Yves BOUTIN DESVIGNES.<\/p>\n                    <p><strong>ARTICLE 3 \u2013 ACCESSIBILIT\u00c9<\/strong><\/p>\n                    <p>Le site est par principe accessible aux utilisateurs 24\/24h et 7\/7j, sauf interruption, programm\u00e9e ou non pour des besoins de maintenance ou en cas de force majeure.<\/p>\n                    <p>En cas d\u2019impossibilit\u00e9 d\u2019acc\u00e8s au site, celui-ci s\u2019engage \u00e0 faire de son maximum afin d\u2019en r\u00e9tablir l\u2019acc\u00e8s. Le site ne saurait \u00eatre tenu pour responsable de tout dommage quelqu\u2019en soit la nature, r\u00e9sultant de son indisponibilit\u00e9.<\/p>\n                    <p><strong>ARTICLE 4 \u2013 LIENS HYPERTEXTES<\/strong><\/p>\n                    <p>Aurera autorise tout site internet \u00e0 \u00e9tablir un lien pointant vers l\u2019adresse www.aurera.fr apr\u00e8s une demande pr\u00e9alable aupr\u00e8s de mail. Tout lien de ce type interviendra toutefois sous r\u00e9serve des dispositions l\u00e9gales en vigueur. Aurera\n                      se r\u00e9serve la possibilit\u00e9, \u00e0 tout moment, sans pr\u00e9avis et sans avoir \u00e0 motiver sa d\u00e9cision, d\u2019interdire ces liens. Dans ce cas il informera la personne concern\u00e9e qui disposera de 2 jours ouvr\u00e9s pour mettre fin au lien.<\/p>\n                    <p><strong>ARTICLE 5 \u2013 SITES LI\u00c9S<\/strong><\/p>\n                    <p>Aurera d\u00e9cline toute responsabilit\u00e9 concernant le contenu disponible sur les autres sites internet vers lesquels elle a cr\u00e9\u00e9 des liens ou qui auraient pu \u00eatre cr\u00e9\u00e9s \u00e0 son insu. L\u2019acc\u00e8s \u00e0 tous les autres sites internet li\u00e9s \u00e0 ce site\n                      web se fait aux risques de l\u2019utilisateur. Aurera d\u00e9cline aussi toute responsabilit\u00e9 pour toutes les informations contenues sur des sites tiers o\u00f9 figurent des liens renvoyant au site www.aurera.fr<\/p>\n                    <p><strong>ARTICLE 6 \u2013 POLITIQUE DE COOKIES<\/strong><\/p>\n                    <p>Le site www.aurera.fr a \u00e9ventuellement recours aux techniques de \u00ab&nbsp;cookies&nbsp;\u00bb lui permettant de traiter des statistiques et des informations sur le trafic, de faciliter la navigation et d\u2019am\u00e9liorer le service pour le confort\n                      de l\u2019utilisateur.<\/p>\n                    <p>Conform\u00e9ment \u00e0 la l\u00e9gislation europ\u00e9enne, le site www.aurera.fr a mis \u00e0 jour sa politique de confidentialit\u00e9 en mati\u00e8re de cookies. L\u2019utilisateur est libre d\u2019accepter ou de refuser les cookies de tous les sites internet en modifiant\n                      les param\u00e8tres de son navigateur internet.<\/p>\n                    <p><strong>ARTICLE 7 \u2013 DROITS D\u2019AUTEUR<\/strong><\/p>\n                    <p>L\u2019ensemble des informations pr\u00e9sentes sur ce site peut \u00eatre t\u00e9l\u00e9charg\u00e9, reproduit, imprim\u00e9 sous r\u00e9serve de n\u2019utiliser de telles informations qu\u2019\u00e0 des fins personnelles et en aucun mani\u00e8re \u00e0 des fins commerciales. Les informations ne\n                      peuvent pas \u00eatre modifi\u00e9es et toute reproduction doit mentionner le copyright : \u00a9 AURERA ainsi qu\u2019un lien vers le site www.aurera.fr Toute autre utilisation non express\u00e9ment autoris\u00e9e est strictement interdite sans autorisation pr\u00e9alable\n                      et \u00e9crite par mail.<\/p>\n                    <p><strong>ARTICLE 8 \u2013 IMAGES ET ILLUSTRATIONS<\/strong><\/p>\n                    <p>Toutes les photographies utilis\u00e9es sur ce site sont des images en licence libre provenant du site www.pexels.com.<\/p>\n                    <p><strong>ARTICLE 9 \u2013 CONTACT<\/strong><\/p>\n                    <p>Pour tout signalement&nbsp;de contenus ou d\u2019activit\u00e9s illicites, l\u2019utilisateur peut contacter l\u2019\u00e9diteur \u00e0 l\u2019adresse suivant : AURERA Technopole Izarbel, 2 Terrasses Claude Shannon, 64210 BIDART.<\/p>\n                  <\/div>\n                <\/div>\n              <\/div>\n            <\/div>\n          <\/div>\n        <\/div>\n      <\/div>\n    <\/div>\n  <\/div>\n<\/div>","protected":false},"excerpt":{"rendered":"<p>Conform\u00e9ment aux dispositions des Articles 6-111 et 19 de la Loi n\u00b02004-575 du 21 juin 2004 pour la confiance dans l\u2019\u00e9conomie num\u00e9rique, dite L.C.E.N., il est port\u00e9 \u00e0 la connaissance des utilisateurs et visiteurs du site www.aurera.fr les pr\u00e9sentes mentions l\u00e9gales. ARTICLE 1 \u2013 LOI APPLICABLE ET JURIDICTION Le site www.aurera.fr est soumis \u00e0 la [&hellip;]<\/p>\n","protected":false},"author":9,"featured_media":0,"parent":0,"menu_order":0,"comment_status":"closed","ping_status":"closed","template":"page-templates\/full-width-page.php","meta":[],"yoast_head":"<!-- This site is optimized with the Yoast SEO plugin v21.1 - https:\/\/yoast.com\/wordpress\/plugins\/seo\/ -->\n<title>Politique de confidentialit\u00e9 - Aurera<\/title>\n<meta name=\"robots\" content=\"index, follow, max-snippet:-1, max-image-preview:large, max-video-preview:-1\" \/>\n<link rel=\"canonical\" href=\"https:\/\/aurera.fr\/index.php\/politique-de-confidentialite\/\" \/>\n<meta property=\"og:locale\" content=\"fr_FR\" \/>\n<meta property=\"og:type\" content=\"article\" \/>\n<meta property=\"og:title\" content=\"Politique de confidentialit\u00e9 - Aurera\" \/>\n<meta property=\"og:description\" content=\"Conform\u00e9ment aux dispositions des Articles 6-111 et 19 de la Loi n\u00b02004-575 du 21 juin 2004 pour la confiance dans l\u2019\u00e9conomie num\u00e9rique, dite L.C.E.N., il est port\u00e9 \u00e0 la connaissance des utilisateurs et visiteurs du site www.aurera.fr les pr\u00e9sentes mentions l\u00e9gales. ARTICLE 1 \u2013 LOI APPLICABLE ET JURIDICTION Le site www.aurera.fr est soumis \u00e0 la [&hellip;]\" \/>\n<meta property=\"og:url\" content=\"https:\/\/aurera.fr\/index.php\/politique-de-confidentialite\/\" \/>\n<meta property=\"og:site_name\" content=\"Aurera\" \/>\n<meta property=\"article:modified_time\" content=\"2023-03-15T16:28:19+00:00\" \/>\n<meta name=\"twitter:card\" content=\"summary_large_image\" \/>\n<meta name=\"twitter:label1\" content=\"Dur\u00e9e de lecture estim\u00e9e\" \/>\n\t<meta name=\"twitter:data1\" content=\"3 minutes\" \/>\n<script type=\"application\/ld+json\" class=\"yoast-schema-graph\">{\"@context\":\"https:\/\/schema.org\",\"@graph\":[{\"@type\":\"WebPage\",\"@id\":\"https:\/\/aurera.fr\/index.php\/politique-de-confidentialite\/\",\"url\":\"https:\/\/aurera.fr\/index.php\/politique-de-confidentialite\/\",\"name\":\"Politique de confidentialit\u00e9 - Aurera\",\"isPartOf\":{\"@id\":\"https:\/\/aurera.fr\/#website\"},\"datePublished\":\"2020-08-25T08:31:08+00:00\",\"dateModified\":\"2023-03-15T16:28:19+00:00\",\"breadcrumb\":{\"@id\":\"https:\/\/aurera.fr\/index.php\/politique-de-confidentialite\/#breadcrumb\"},\"inLanguage\":\"fr-FR\",\"potentialAction\":[{\"@type\":\"ReadAction\",\"target\":[\"https:\/\/aurera.fr\/index.php\/politique-de-confidentialite\/\"]}]},{\"@type\":\"BreadcrumbList\",\"@id\":\"https:\/\/aurera.fr\/index.php\/politique-de-confidentialite\/#breadcrumb\",\"itemListElement\":[{\"@type\":\"ListItem\",\"position\":1,\"name\":\"Accueil\",\"item\":\"https:\/\/aurera.fr\/\"},{\"@type\":\"ListItem\",\"position\":2,\"name\":\"Politique de confidentialit\u00e9\"}]},{\"@type\":\"WebSite\",\"@id\":\"https:\/\/aurera.fr\/#website\",\"url\":\"https:\/\/aurera.fr\/\",\"name\":\"Aurera\",\"description\":\"Consulting, Business, Innovation\",\"publisher\":{\"@id\":\"https:\/\/aurera.fr\/#organization\"},\"potentialAction\":[{\"@type\":\"SearchAction\",\"target\":{\"@type\":\"EntryPoint\",\"urlTemplate\":\"https:\/\/aurera.fr\/?s={search_term_string}\"},\"query-input\":\"required name=search_term_string\"}],\"inLanguage\":\"fr-FR\"},{\"@type\":\"Organization\",\"@id\":\"https:\/\/aurera.fr\/#organization\",\"name\":\"Aurera\",\"url\":\"https:\/\/aurera.fr\/\",\"logo\":{\"@type\":\"ImageObject\",\"inLanguage\":\"fr-FR\",\"@id\":\"https:\/\/aurera.fr\/#\/schema\/logo\/image\/\",\"url\":\"https:\/\/aurera.fr\/wp-content\/uploads\/2021\/03\/LOGO-AURERA-RVB-White-e1615817748297.png\",\"contentUrl\":\"https:\/\/aurera.fr\/wp-content\/uploads\/2021\/03\/LOGO-AURERA-RVB-White-e1615817748297.png\",\"width\":170,\"height\":55,\"caption\":\"Aurera\"},\"image\":{\"@id\":\"https:\/\/aurera.fr\/#\/schema\/logo\/image\/\"},\"sameAs\":[\"https:\/\/www.linkedin.com\/company\/entreprise-aurera\"]}]}<\/script>\n<!-- \/ Yoast SEO plugin. -->","yoast_head_json":{"title":"Politique de confidentialit\u00e9 - Aurera","robots":{"index":"index","follow":"follow","max-snippet":"max-snippet:-1","max-image-preview":"max-image-preview:large","max-video-preview":"max-video-preview:-1"},"canonical":"https:\/\/aurera.fr\/index.php\/politique-de-confidentialite\/","og_locale":"fr_FR","og_type":"article","og_title":"Politique de confidentialit\u00e9 - Aurera","og_description":"Conform\u00e9ment aux dispositions des Articles 6-111 et 19 de la Loi n\u00b02004-575 du 21 juin 2004 pour la confiance dans l\u2019\u00e9conomie num\u00e9rique, dite L.C.E.N., il est port\u00e9 \u00e0 la connaissance des utilisateurs et visiteurs du site www.aurera.fr les pr\u00e9sentes mentions l\u00e9gales. ARTICLE 1 \u2013 LOI APPLICABLE ET JURIDICTION Le site www.aurera.fr est soumis \u00e0 la [&hellip;]","og_url":"https:\/\/aurera.fr\/index.php\/politique-de-confidentialite\/","og_site_name":"Aurera","article_modified_time":"2023-03-15T16:28:19+00:00","twitter_card":"summary_large_image","twitter_misc":{"Dur\u00e9e de lecture estim\u00e9e":"3 minutes"},"schema":{"@context":"https:\/\/schema.org","@graph":[{"@type":"WebPage","@id":"https:\/\/aurera.fr\/index.php\/politique-de-confidentialite\/","url":"https:\/\/aurera.fr\/index.php\/politique-de-confidentialite\/","name":"Politique de confidentialit\u00e9 - Aurera","isPartOf":{"@id":"https:\/\/aurera.fr\/#website"},"datePublished":"2020-08-25T08:31:08+00:00","dateModified":"2023-03-15T16:28:19+00:00","breadcrumb":{"@id":"https:\/\/aurera.fr\/index.php\/politique-de-confidentialite\/#breadcrumb"},"inLanguage":"fr-FR","potentialAction":[{"@type":"ReadAction","target":["https:\/\/aurera.fr\/index.php\/politique-de-confidentialite\/"]}]},{"@type":"BreadcrumbList","@id":"https:\/\/aurera.fr\/index.php\/politique-de-confidentialite\/#breadcrumb","itemListElement":[{"@type":"ListItem","position":1,"name":"Accueil","item":"https:\/\/aurera.fr\/"},{"@type":"ListItem","position":2,"name":"Politique de confidentialit\u00e9"}]},{"@type":"WebSite","@id":"https:\/\/aurera.fr\/#website","url":"https:\/\/aurera.fr\/","name":"Aurera","description":"Consulting, Business, Innovation","publisher":{"@id":"https:\/\/aurera.fr\/#organization"},"potentialAction":[{"@type":"SearchAction","target":{"@type":"EntryPoint","urlTemplate":"https:\/\/aurera.fr\/?s={search_term_string}"},"query-input":"required name=search_term_string"}],"inLanguage":"fr-FR"},{"@type":"Organization","@id":"https:\/\/aurera.fr\/#organization","name":"Aurera","url":"https:\/\/aurera.fr\/","logo":{"@type":"ImageObject","inLanguage":"fr-FR","@id":"https:\/\/aurera.fr\/#\/schema\/logo\/image\/","url":"https:\/\/aurera.fr\/wp-content\/uploads\/2021\/03\/LOGO-AURERA-RVB-White-e1615817748297.png","contentUrl":"https:\/\/aurera.fr\/wp-content\/uploads\/2021\/03\/LOGO-AURERA-RVB-White-e1615817748297.png","width":170,"height":55,"caption":"Aurera"},"image":{"@id":"https:\/\/aurera.fr\/#\/schema\/logo\/image\/"},"sameAs":["https:\/\/www.linkedin.com\/company\/entreprise-aurera"]}]}},"_links":{"self":[{"href":"https:\/\/aurera.fr\/index.php\/wp-json\/wp\/v2\/pages\/3"}],"collection":[{"href":"https:\/\/aurera.fr\/index.php\/wp-json\/wp\/v2\/pages"}],"about":[{"href":"https:\/\/aurera.fr\/index.php\/wp-json\/wp\/v2\/types\/page"}],"author":[{"embeddable":true,"href":"https:\/\/aurera.fr\/index.php\/wp-json\/wp\/v2\/users\/9"}],"replies":[{"embeddable":true,"href":"https:\/\/aurera.fr\/index.php\/wp-json\/wp\/v2\/comments?post=3"}],"version-history":[{"count":2,"href":"https:\/\/aurera.fr\/index.php\/wp-json\/wp\/v2\/pages\/3\/revisions"}],"predecessor-version":[{"id":4099,"href":"https:\/\/aurera.fr\/index.php\/wp-json\/wp\/v2\/pages\/3\/revisions\/4099"}],"wp:attachment":[{"href":"https:\/\/aurera.fr\/index.php\/wp-json\/wp\/v2\/media?parent=3"}],"curies":[{"name":"wp","href":"https:\/\/api.w.org\/{rel}","templated":true}]}}